{"id":102351,"date":"2024-08-12T15:30:07","date_gmt":"2024-08-12T12:30:07","guid":{"rendered":"https:\/\/kingarms.ee\/product\/pippurisumute-dual-pack-2kpl-x-60ml\/"},"modified":"2026-04-07T11:53:56","modified_gmt":"2026-04-07T08:53:56","slug":"pippurisumute-dual-pack-2kpl-x-60ml","status":"publish","type":"product","link":"https:\/\/kingarms.ee\/fi\/product\/pippurisumute-dual-pack-2kpl-x-60ml\/","title":{"rendered":"Pippurisumute NATO Dual Pack (2kpl x 60ml)"},"content":{"rendered":"<p><img loading=\"lazy\" decoding=\"async\" class=\"alignnone size-full wp-image-102346\" src=\"https:\/\/kingarms.ee\/wp-content\/uploads\/2024\/08\/s-pdpxl.jpg\" alt=\"\" width=\"459\" height=\"459\" srcset=\"https:\/\/kingarms.ee\/wp-content\/uploads\/2024\/08\/s-pdpxl.jpg 459w, https:\/\/kingarms.ee\/wp-content\/uploads\/2024\/08\/s-pdpxl-300x300.jpg 300w, https:\/\/kingarms.ee\/wp-content\/uploads\/2024\/08\/s-pdpxl-150x150.jpg 150w\" sizes=\"auto, (max-width: 459px) 100vw, 459px\" \/><\/p>\n","protected":false},"excerpt":{"rendered":"<p>Pippurisumute NATO Dual Pack (2kpl x 60ml) Pippurisumute NATO vihre\u00e4 (2kpl x 60ml) Yksi markkinoiden vahvimmista pippurisumutteista. Soveltuu sis\u00e4k\u00e4ytt\u00f6\u00f6n.<\/p>\n<p>Pippurisumute NATO Dual Pack (2 kpl x 60 ml) on tuote, jota tulee k\u00e4sitell\u00e4 vastuullisesti ja aina voimassa olevan lains\u00e4\u00e4d\u00e4nn\u00f6n mukaisesti. Tuote on tarkoitettu vain sen k\u00e4ytt\u00f6tarkoituksen mukaiseen k\u00e4ytt\u00f6\u00f6n. S\u00e4ilyt\u00e4 poissa lasten ulottuvilta. V\u00e4lt\u00e4 aineen joutumista silmiin, iholle ja hengitysteihin. Noudata aina valmistajan ohjeita sek\u00e4 turvallisuusvaatimuksia. S\u00e4ilyt\u00e4 kuivassa ja viile\u00e4ss\u00e4 paikassa, suojassa kosteudelta, kuumuudelta ja suoralta auringonvalolta. Ennen hankintaa, hallussapitoa, kuljettamista tai k\u00e4ytt\u00f6\u00e4 varmista paikalliset vaatimukset ja rajoitukset.<\/p>\n","protected":false},"featured_media":102356,"template":"","meta":{"_acf_changed":false},"product_brand":[],"product_cat":[764],"product_tag":[],"class_list":{"0":"post-102351","1":"product","2":"type-product","3":"status-publish","4":"has-post-thumbnail","6":"product_cat-pippurisumute","8":"first","9":"instock","10":"taxable","11":"shipping-taxable","12":"purchasable","13":"product-type-simple"},"acf":[],"_links":{"self":[{"href":"https:\/\/kingarms.ee\/fi\/wp-json\/wp\/v2\/product\/102351","targetHints":{"allow":["GET"]}}],"collection":[{"href":"https:\/\/kingarms.ee\/fi\/wp-json\/wp\/v2\/product"}],"about":[{"href":"https:\/\/kingarms.ee\/fi\/wp-json\/wp\/v2\/types\/product"}],"wp:featuredmedia":[{"embeddable":true,"href":"https:\/\/kingarms.ee\/fi\/wp-json\/wp\/v2\/media\/102356"}],"wp:attachment":[{"href":"https:\/\/kingarms.ee\/fi\/wp-json\/wp\/v2\/media?parent=102351"}],"wp:term":[{"taxonomy":"product_brand","embeddable":true,"href":"https:\/\/kingarms.ee\/fi\/wp-json\/wp\/v2\/product_brand?post=102351"},{"taxonomy":"product_cat","embeddable":true,"href":"https:\/\/kingarms.ee\/fi\/wp-json\/wp\/v2\/product_cat?post=102351"},{"taxonomy":"product_tag","embeddable":true,"href":"https:\/\/kingarms.ee\/fi\/wp-json\/wp\/v2\/product_tag?post=102351"}],"curies":[{"name":"wp","href":"https:\/\/api.w.org\/{rel}","templated":true}]}}