{"id":103329,"date":"2024-09-07T13:31:13","date_gmt":"2024-09-07T10:31:13","guid":{"rendered":"https:\/\/kingarms.ee\/product\/aseiden-kaynnistaminen-ekol-lady-9-mm-p-a-k\/"},"modified":"2024-09-07T13:36:32","modified_gmt":"2024-09-07T10:36:32","slug":"stardipustol-ekol-lady-9mm-p-a-k","status":"publish","type":"product","link":"https:\/\/kingarms.ee\/fi\/product\/stardipustol-ekol-lady-9mm-p-a-k\/","title":{"rendered":"Aseiden k\u00e4ynnist\u00e4minen ekol lady 9 mm p.a.k"},"content":{"rendered":"","protected":false},"excerpt":{"rendered":"<h1 class=\"product_title wd-entities-title\">Aseiden k\u00e4ynnist\u00e4minen ekol lady 9 mm p.a.k<\/h1>\n<p>&nbsp; Aloituspistoolin Ekolin lady -ruumis on valmistettu metallista. Kaliiperi: 9 mm: n kokonaispituus: 162 mm Leveys: 32 mm Korkeus: 117 mm Tyhj\u00e4 aseiden paino: 572 g tarjotin Volume: 6+1 Tyyppi: Aloituspistooli ylh\u00e4\u00e4lt\u00e4 (yl\u00e4palo) Aloituspistooli pystyy tuottamaan vain \u00e4\u00e4nen Bang -patruunat. Pistooliputki on tiukasti suljettu ja vintrauas on rei\u00e4n rei&#8217;itetty pakokaasun poistamiseksi. Raketteja ei voida ampua t\u00e4ll\u00e4 pistoolilla.   <\/p>\n","protected":false},"featured_media":152650,"template":"","meta":{"_acf_changed":false},"product_brand":[],"product_cat":[254],"product_tag":[],"class_list":{"0":"post-103329","1":"product","2":"type-product","3":"status-publish","4":"has-post-thumbnail","6":"product_cat-kaynnistys-pistoolit","8":"first","9":"instock","10":"taxable","11":"shipping-taxable","12":"purchasable","13":"product-type-simple"},"acf":[],"_links":{"self":[{"href":"https:\/\/kingarms.ee\/fi\/wp-json\/wp\/v2\/product\/103329","targetHints":{"allow":["GET"]}}],"collection":[{"href":"https:\/\/kingarms.ee\/fi\/wp-json\/wp\/v2\/product"}],"about":[{"href":"https:\/\/kingarms.ee\/fi\/wp-json\/wp\/v2\/types\/product"}],"wp:featuredmedia":[{"embeddable":true,"href":"https:\/\/kingarms.ee\/fi\/wp-json\/wp\/v2\/media\/152650"}],"wp:attachment":[{"href":"https:\/\/kingarms.ee\/fi\/wp-json\/wp\/v2\/media?parent=103329"}],"wp:term":[{"taxonomy":"product_brand","embeddable":true,"href":"https:\/\/kingarms.ee\/fi\/wp-json\/wp\/v2\/product_brand?post=103329"},{"taxonomy":"product_cat","embeddable":true,"href":"https:\/\/kingarms.ee\/fi\/wp-json\/wp\/v2\/product_cat?post=103329"},{"taxonomy":"product_tag","embeddable":true,"href":"https:\/\/kingarms.ee\/fi\/wp-json\/wp\/v2\/product_tag?post=103329"}],"curies":[{"name":"wp","href":"https:\/\/api.w.org\/{rel}","templated":true}]}}