{"id":136150,"date":"2024-10-14T16:36:29","date_gmt":"2024-10-14T13:43:16","guid":{"rendered":"https:\/\/kingarms.ee\/product\/radiolahetin-u21pro-baofeng\/"},"modified":"2024-10-14T16:43:16","modified_gmt":"2024-10-14T13:43:16","slug":"radio-lahetin-u21pro-baofeng","status":"publish","type":"product","link":"https:\/\/kingarms.ee\/fi\/product\/radio-lahetin-u21pro-baofeng\/","title":{"rendered":"Radiol\u00e4hetin U21PRO (Baofeng)"},"content":{"rendered":"<p><img loading=\"lazy\" decoding=\"async\" class=\"alignnone size-full wp-image-136113\" src=\"https:\/\/kingarms.ee\/wp-content\/uploads\/2024\/10\/baofeng-dual-band-vhfuhf-amfm-radio-bf-u21pro.jpg\" alt=\"\" width=\"1000\" height=\"1000\" srcset=\"https:\/\/kingarms.ee\/wp-content\/uploads\/2024\/10\/baofeng-dual-band-vhfuhf-amfm-radio-bf-u21pro.jpg 1000w, https:\/\/kingarms.ee\/wp-content\/uploads\/2024\/10\/baofeng-dual-band-vhfuhf-amfm-radio-bf-u21pro-300x300.jpg 300w, https:\/\/kingarms.ee\/wp-content\/uploads\/2024\/10\/baofeng-dual-band-vhfuhf-amfm-radio-bf-u21pro-150x150.jpg 150w, https:\/\/kingarms.ee\/wp-content\/uploads\/2024\/10\/baofeng-dual-band-vhfuhf-amfm-radio-bf-u21pro-768x768.jpg 768w, https:\/\/kingarms.ee\/wp-content\/uploads\/2024\/10\/baofeng-dual-band-vhfuhf-amfm-radio-bf-u21pro-500x500.jpg 500w\" sizes=\"auto, (max-width: 1000px) 100vw, 1000px\" \/><\/p>\n","protected":false},"excerpt":{"rendered":"<p>RADIOL\u00c4HETIN U21PRO (Baofeng) KAHDEN BALANSSIN VHF\/UHF- JA AM\/FM-RADIOL\u00c4HETIN KAHDELLA TASAPAINOTUKSELLA VHF\/UHF- JA AM\/FM-RADIOL\u00c4HETIN KEST\u00c4V\u00c4, KEST\u00c4V\u00c4 JA TULVIA KEST\u00c4V\u00c4 RADIOL\u00c4HETIN 999 KANAVAA<\/p>\n<p>TAAJUUSALUE:<br \/>\n&#8211; FM 65-108MHz &#8211; AM 108-136MHz.<\/p>\n<p>&#8211; VHF 136-174 MHz<br \/>\n&#8211; UHF 400-520 MHz SIIRTOJ\u00c4NNITE: 12.5kHz \/ 50kHz TEHO: 5W &#8211; 1W POWERFAST ANTENNI 205mm<\/p>\n<p>ANTENNI-impedanssit: 50\u03a9<br \/>\nVALAISTU 1,77&#8243; V\u00c4RI LCD-N\u00c4YTT\u00d6 AKKUUN S\u00c4\u00c4ST\u00c4V\u00c4LL\u00c4 TOIMINTOLLA YL\u00c4LL\u00c4 LED-TASKULAMPPU (KIINTE\u00c4 TAI VILKKUVA VALO) LUURI MIKSI JA PTT EI SIS\u00c4LTY K\u00c4DEN KANTOLEMMI SIS\u00c4LTYY TAKAKEIPP\u00c4IN<\/p>\n<p>OHJELMOITAVA TIETOKONE MYYD\u00c4\u00c4N ERIKSEEN KAAPELIN KANSSA<br \/>\nMitat: 65mm x 145mm x 45mm PAINO: 295g Li-Ion 7.4 V x 2500 mAh AKKU JA LATAUSLAITE SIS\u00c4LT\u00c4\u00c4 EI AKKUA LADATTAVA USB-C KAAPELILLA.<\/p>\n<p>MUSTA V\u00c4RI<\/p>\n<p>&nbsp;<\/p>\n","protected":false},"featured_media":136521,"template":"","meta":{"_acf_changed":false},"product_brand":[],"product_cat":[666],"product_tag":[],"class_list":{"0":"post-136150","1":"product","2":"type-product","3":"status-publish","4":"has-post-thumbnail","6":"product_cat-lahettajat","8":"first","9":"instock","10":"taxable","11":"shipping-taxable","12":"purchasable","13":"product-type-simple"},"acf":[],"_links":{"self":[{"href":"https:\/\/kingarms.ee\/fi\/wp-json\/wp\/v2\/product\/136150","targetHints":{"allow":["GET"]}}],"collection":[{"href":"https:\/\/kingarms.ee\/fi\/wp-json\/wp\/v2\/product"}],"about":[{"href":"https:\/\/kingarms.ee\/fi\/wp-json\/wp\/v2\/types\/product"}],"wp:featuredmedia":[{"embeddable":true,"href":"https:\/\/kingarms.ee\/fi\/wp-json\/wp\/v2\/media\/136521"}],"wp:attachment":[{"href":"https:\/\/kingarms.ee\/fi\/wp-json\/wp\/v2\/media?parent=136150"}],"wp:term":[{"taxonomy":"product_brand","embeddable":true,"href":"https:\/\/kingarms.ee\/fi\/wp-json\/wp\/v2\/product_brand?post=136150"},{"taxonomy":"product_cat","embeddable":true,"href":"https:\/\/kingarms.ee\/fi\/wp-json\/wp\/v2\/product_cat?post=136150"},{"taxonomy":"product_tag","embeddable":true,"href":"https:\/\/kingarms.ee\/fi\/wp-json\/wp\/v2\/product_tag?post=136150"}],"curies":[{"name":"wp","href":"https:\/\/api.w.org\/{rel}","templated":true}]}}