{"id":136225,"date":"2024-10-14T17:06:06","date_gmt":"2024-10-14T14:07:28","guid":{"rendered":"https:\/\/kingarms.ee\/product\/radiolahetin-uv-16-plus-baofeng\/"},"modified":"2024-10-14T17:07:28","modified_gmt":"2024-10-14T14:07:28","slug":"radiolahetin-uv-16-plus-baofeng","status":"publish","type":"product","link":"https:\/\/kingarms.ee\/fi\/product\/radiolahetin-uv-16-plus-baofeng\/","title":{"rendered":"Radiol\u00e4hetin UV-16 PLUS (Baofeng)"},"content":{"rendered":"<p><img loading=\"lazy\" decoding=\"async\" class=\"alignnone size-full wp-image-136193\" src=\"https:\/\/kingarms.ee\/wp-content\/uploads\/2024\/10\/baofeng-dual-band-vhfuhf-radio-uv-16-bf-uv16.jpg\" alt=\"\" width=\"1000\" height=\"1000\" srcset=\"https:\/\/kingarms.ee\/wp-content\/uploads\/2024\/10\/baofeng-dual-band-vhfuhf-radio-uv-16-bf-uv16.jpg 1000w, https:\/\/kingarms.ee\/wp-content\/uploads\/2024\/10\/baofeng-dual-band-vhfuhf-radio-uv-16-bf-uv16-300x300.jpg 300w, https:\/\/kingarms.ee\/wp-content\/uploads\/2024\/10\/baofeng-dual-band-vhfuhf-radio-uv-16-bf-uv16-150x150.jpg 150w, https:\/\/kingarms.ee\/wp-content\/uploads\/2024\/10\/baofeng-dual-band-vhfuhf-radio-uv-16-bf-uv16-768x768.jpg 768w, https:\/\/kingarms.ee\/wp-content\/uploads\/2024\/10\/baofeng-dual-band-vhfuhf-radio-uv-16-bf-uv16-500x500.jpg 500w\" sizes=\"auto, (max-width: 1000px) 100vw, 1000px\" \/><\/p>\n","protected":false},"excerpt":{"rendered":"<p>Radiol\u00e4hetin UV-16 PLUS (Baofeng) TWO-WAY VHF\/UHF RADIO 128 KANAVAA<\/p>\n<p>TAAJUUSALUE:<br \/>\n&#8211; VHF 136-174 MHz<br \/>\n&#8211; UHF 400-480 MHz L\u00c4HETYSAMPS: 2,5 kHz \/ 5 kHz \/ 6,25 kHz \/ 10 kHz \/ 12,5 kHz \/ 25 kHz ENNAKKOTEHO: 10W &#8211; 5W &#8211; 1W<\/p>\n<p>ANTENNI-impedanssit: 50\u03a9<br \/>\nVALAISTU LCD-N\u00c4YTT\u00d6 PARISTOJEN S\u00c4\u00c4ST\u00d6TOIMINTOLLA YL\u00c4LL\u00c4 oleva LED-TASKULAMPPU (KIINTE\u00c4 TAI VILKKUVA VALO) SIS\u00c4LTYY PTT- JA CLIP-LUURIN JA MIKSI MUKANA SIS\u00c4LTYY K\u00c4SIK\u00c4YTT\u00d6HIHNA SIS\u00c4LTYY TAKAKLIIKE JOUSTAVA ANTENNI 205mm<\/p>\n<p>OHJELMOITAVA TIETOKONE MYYD\u00c4\u00c4N ERIKSEEN KAAPELIN KANSSA<br \/>\nMITAT: 62mm x 118mm x 33mm (62mm x 312mm x 50mm SIS\u00c4LT\u00c4EN ANTENNIN JA TAKAISINLUKITIN) PAINO: 245g Li-Ion 7.4 V x 8800 mAh AKKU JA LATAUSLAITE SIS\u00c4LT\u00c4\u00c4.<\/p>\n","protected":false},"featured_media":136533,"template":"","meta":{"_acf_changed":false},"product_brand":[],"product_cat":[666],"product_tag":[],"class_list":{"0":"post-136225","1":"product","2":"type-product","3":"status-publish","4":"has-post-thumbnail","6":"product_cat-lahettajat","8":"first","9":"instock","10":"taxable","11":"shipping-taxable","12":"purchasable","13":"product-type-simple"},"acf":[],"_links":{"self":[{"href":"https:\/\/kingarms.ee\/fi\/wp-json\/wp\/v2\/product\/136225","targetHints":{"allow":["GET"]}}],"collection":[{"href":"https:\/\/kingarms.ee\/fi\/wp-json\/wp\/v2\/product"}],"about":[{"href":"https:\/\/kingarms.ee\/fi\/wp-json\/wp\/v2\/types\/product"}],"wp:featuredmedia":[{"embeddable":true,"href":"https:\/\/kingarms.ee\/fi\/wp-json\/wp\/v2\/media\/136533"}],"wp:attachment":[{"href":"https:\/\/kingarms.ee\/fi\/wp-json\/wp\/v2\/media?parent=136225"}],"wp:term":[{"taxonomy":"product_brand","embeddable":true,"href":"https:\/\/kingarms.ee\/fi\/wp-json\/wp\/v2\/product_brand?post=136225"},{"taxonomy":"product_cat","embeddable":true,"href":"https:\/\/kingarms.ee\/fi\/wp-json\/wp\/v2\/product_cat?post=136225"},{"taxonomy":"product_tag","embeddable":true,"href":"https:\/\/kingarms.ee\/fi\/wp-json\/wp\/v2\/product_tag?post=136225"}],"curies":[{"name":"wp","href":"https:\/\/api.w.org\/{rel}","templated":true}]}}