{"id":136270,"date":"2024-10-14T17:32:10","date_gmt":"2024-10-14T14:35:20","guid":{"rendered":"https:\/\/kingarms.ee\/product\/radiolahetin-uv-17-baofeng\/"},"modified":"2024-10-14T17:35:20","modified_gmt":"2024-10-14T14:35:20","slug":"radiolahetin-uv-17-baofeng","status":"publish","type":"product","link":"https:\/\/kingarms.ee\/fi\/product\/radiolahetin-uv-17-baofeng\/","title":{"rendered":"Radiol\u00e4hetin UV-17 (Baofeng)"},"content":{"rendered":"<p><img loading=\"lazy\" decoding=\"async\" class=\"alignnone size-full wp-image-136227\" src=\"https:\/\/kingarms.ee\/wp-content\/uploads\/2024\/10\/baofeng-dual-band-vhfuhf-fm-radio-uv-17-bf-uv17.jpg\" alt=\"\" width=\"1000\" height=\"1000\" srcset=\"https:\/\/kingarms.ee\/wp-content\/uploads\/2024\/10\/baofeng-dual-band-vhfuhf-fm-radio-uv-17-bf-uv17.jpg 1000w, https:\/\/kingarms.ee\/wp-content\/uploads\/2024\/10\/baofeng-dual-band-vhfuhf-fm-radio-uv-17-bf-uv17-300x300.jpg 300w, https:\/\/kingarms.ee\/wp-content\/uploads\/2024\/10\/baofeng-dual-band-vhfuhf-fm-radio-uv-17-bf-uv17-150x150.jpg 150w, https:\/\/kingarms.ee\/wp-content\/uploads\/2024\/10\/baofeng-dual-band-vhfuhf-fm-radio-uv-17-bf-uv17-768x768.jpg 768w, https:\/\/kingarms.ee\/wp-content\/uploads\/2024\/10\/baofeng-dual-band-vhfuhf-fm-radio-uv-17-bf-uv17-500x500.jpg 500w\" sizes=\"auto, (max-width: 1000px) 100vw, 1000px\" \/><\/p>\n","protected":false},"excerpt":{"rendered":"<p>Radiol\u00e4hetin UV-17 (Baofeng) KAHDEN RADAN VHF\/UHF FM RADIO KUNI 999 MALKANALID<\/p>\n<p>TAAJUUSALUE:<br \/>\n&#8211; VHF 136-174 MHz<br \/>\n&#8211; UHF 400-480 MHz &#8211; FM 65-108MHz L\u00c4HETYSAMPEERIT: 2,5 kHz \/ 5 kHz \/ 6,25 kHz \/ 10 kHz \/ 12,5 kHz \/ 25 kHz ENNAKKOVOIMA: 5W &#8211; 1W<\/p>\n<p>ANTENNI-impedanssit: 50\u03a9<br \/>\nVALAISTU 1,77&#8243; LCD-N\u00c4YTT\u00d6 AKKUUN S\u00c4\u00c4ST\u00c4V\u00c4LL\u00c4 TOIMINTOLLA 2x LED-LASKUVALO (KIINTE\u00c4 TAI VILKKUVA VALO) VOX-TILA HANDSFREE TAAJUUSKOPIOITOTOIMINTO SIS\u00c4LTYY PTT- JA CLIP-PUHELINLAITTEELLE JA KYTKEM\u00c4\u00c4N IBLE 150mm ANTENNI<\/p>\n<p>OHJELMOITAVA TIETOKONE MYYD\u00c4\u00c4N ERIKSEEN KAAPELIN KANSSA<br \/>\nMITAT: 61 mm x 138 mm x 42 mm (61 mm x 267 mm x 55 mm ANTENNIN JA TAKAISINLUKITUKSEN KANSSA) PAINO: 290 g AKKU C-USB-AKKU Akku on litiumioniakku 7,4 V x 1800 mAh AKKU JA USB Type-C LATURI.<\/p>\n","protected":false},"featured_media":136539,"template":"","meta":{"_acf_changed":false},"product_brand":[],"product_cat":[666],"product_tag":[],"class_list":{"0":"post-136270","1":"product","2":"type-product","3":"status-publish","4":"has-post-thumbnail","6":"product_cat-lahettajat","8":"first","9":"instock","10":"taxable","11":"shipping-taxable","12":"purchasable","13":"product-type-simple"},"acf":[],"_links":{"self":[{"href":"https:\/\/kingarms.ee\/fi\/wp-json\/wp\/v2\/product\/136270","targetHints":{"allow":["GET"]}}],"collection":[{"href":"https:\/\/kingarms.ee\/fi\/wp-json\/wp\/v2\/product"}],"about":[{"href":"https:\/\/kingarms.ee\/fi\/wp-json\/wp\/v2\/types\/product"}],"wp:featuredmedia":[{"embeddable":true,"href":"https:\/\/kingarms.ee\/fi\/wp-json\/wp\/v2\/media\/136539"}],"wp:attachment":[{"href":"https:\/\/kingarms.ee\/fi\/wp-json\/wp\/v2\/media?parent=136270"}],"wp:term":[{"taxonomy":"product_brand","embeddable":true,"href":"https:\/\/kingarms.ee\/fi\/wp-json\/wp\/v2\/product_brand?post=136270"},{"taxonomy":"product_cat","embeddable":true,"href":"https:\/\/kingarms.ee\/fi\/wp-json\/wp\/v2\/product_cat?post=136270"},{"taxonomy":"product_tag","embeddable":true,"href":"https:\/\/kingarms.ee\/fi\/wp-json\/wp\/v2\/product_tag?post=136270"}],"curies":[{"name":"wp","href":"https:\/\/api.w.org\/{rel}","templated":true}]}}