{"id":136304,"date":"2024-10-14T17:41:29","date_gmt":"2024-10-14T14:42:34","guid":{"rendered":"https:\/\/kingarms.ee\/product\/radiolahetin-uv5plus-baofeng\/"},"modified":"2024-10-14T17:42:34","modified_gmt":"2024-10-14T14:42:34","slug":"radiolahetin-uv5plus-baofeng","status":"publish","type":"product","link":"https:\/\/kingarms.ee\/fi\/product\/radiolahetin-uv5plus-baofeng\/","title":{"rendered":"Radiol\u00e4hetin UV5PLUS (Baofeng)"},"content":{"rendered":"<p><img loading=\"lazy\" decoding=\"async\" class=\"alignnone size-full wp-image-136273\" src=\"https:\/\/kingarms.ee\/wp-content\/uploads\/2024\/10\/baofeng-dual-band-vhfuhf-fm-radio-upgraded-version-orange-bf-uv5plus.jpg\" alt=\"\" width=\"1000\" height=\"1000\" srcset=\"https:\/\/kingarms.ee\/wp-content\/uploads\/2024\/10\/baofeng-dual-band-vhfuhf-fm-radio-upgraded-version-orange-bf-uv5plus.jpg 1000w, https:\/\/kingarms.ee\/wp-content\/uploads\/2024\/10\/baofeng-dual-band-vhfuhf-fm-radio-upgraded-version-orange-bf-uv5plus-300x300.jpg 300w, https:\/\/kingarms.ee\/wp-content\/uploads\/2024\/10\/baofeng-dual-band-vhfuhf-fm-radio-upgraded-version-orange-bf-uv5plus-150x150.jpg 150w, https:\/\/kingarms.ee\/wp-content\/uploads\/2024\/10\/baofeng-dual-band-vhfuhf-fm-radio-upgraded-version-orange-bf-uv5plus-768x768.jpg 768w, https:\/\/kingarms.ee\/wp-content\/uploads\/2024\/10\/baofeng-dual-band-vhfuhf-fm-radio-upgraded-version-orange-bf-uv5plus-500x500.jpg 500w\" sizes=\"auto, (max-width: 1000px) 100vw, 1000px\" \/><\/p>\n","protected":false},"excerpt":{"rendered":"<p>Radiol\u00e4hetin UV5PLUS (Baofeng) KAHDEN BAND VHF\/UHF FM RADIO P\u00c4IVITETTY VERSIO 128 KANAVAA<\/p>\n<p>TAAJUUSALUE:<br \/>\n&#8211; VHF 136-174 MHz<br \/>\n&#8211; UHF 400-520 MHz &#8211; FM 65-108MHz L\u00c4HETYSAMPS: 2,5 kHz \/ 5 kHz \/ 6,25 kHz \/ 10 kHz \/ 12,5 kHz \/ 25 kHz ENNAKKOVOIMA: 5W &#8211; 1W<\/p>\n<p>ANTENNI-impedanssit: 50\u03a9<br \/>\nMIKROFONIN IMMPEDANSI: 600 \u03a9 VALAISTU LCD-N\u00c4YTT\u00d6 AKUNS\u00c4\u00c4ST\u00d6TOIMINTOLLA 2x ANTENNI SIS\u00c4LTYY (120 mm ja 165 mm) YL\u00c4LL\u00c4 LED-TASKULAMPPU (KIINTE\u00c4 TAI VILKKUVA VALO) SIS\u00c4LTYY PTT- JA CLIP-kuulokkeet, MUKANA SIS\u00c4LLYTETTY KUULOKONE<\/p>\n<p>OHJELMOITAVA TIETOKONE MYYD\u00c4\u00c4N ERIKSEEN KAAPELIN KANSSA<br \/>\nVEDEN- JA TOLERINPITO (IP67) MITAT: 55 mm x 130 mm x 35 mm (282 mm ANTENNIN KANSSA) PAINO: 250 g Li-Ion 8,4 V x 1800 mAh AKKU JA LATAUSLAITE Kotelossa.<\/p>\n","protected":false},"featured_media":136545,"template":"","meta":{"_acf_changed":false},"product_brand":[],"product_cat":[666],"product_tag":[],"class_list":{"0":"post-136304","1":"product","2":"type-product","3":"status-publish","4":"has-post-thumbnail","6":"product_cat-lahettajat","8":"first","9":"instock","10":"taxable","11":"shipping-taxable","12":"purchasable","13":"product-type-simple"},"acf":[],"_links":{"self":[{"href":"https:\/\/kingarms.ee\/fi\/wp-json\/wp\/v2\/product\/136304","targetHints":{"allow":["GET"]}}],"collection":[{"href":"https:\/\/kingarms.ee\/fi\/wp-json\/wp\/v2\/product"}],"about":[{"href":"https:\/\/kingarms.ee\/fi\/wp-json\/wp\/v2\/types\/product"}],"wp:featuredmedia":[{"embeddable":true,"href":"https:\/\/kingarms.ee\/fi\/wp-json\/wp\/v2\/media\/136545"}],"wp:attachment":[{"href":"https:\/\/kingarms.ee\/fi\/wp-json\/wp\/v2\/media?parent=136304"}],"wp:term":[{"taxonomy":"product_brand","embeddable":true,"href":"https:\/\/kingarms.ee\/fi\/wp-json\/wp\/v2\/product_brand?post=136304"},{"taxonomy":"product_cat","embeddable":true,"href":"https:\/\/kingarms.ee\/fi\/wp-json\/wp\/v2\/product_cat?post=136304"},{"taxonomy":"product_tag","embeddable":true,"href":"https:\/\/kingarms.ee\/fi\/wp-json\/wp\/v2\/product_tag?post=136304"}],"curies":[{"name":"wp","href":"https:\/\/api.w.org\/{rel}","templated":true}]}}