{"id":136332,"date":"2024-10-14T17:49:31","date_gmt":"2024-10-14T14:51:47","guid":{"rendered":"https:\/\/kingarms.ee\/product\/radiolahetin-uv5r-baofeng\/"},"modified":"2024-10-14T17:51:47","modified_gmt":"2024-10-14T14:51:47","slug":"radiolahetin-uv5r-baofeng","status":"publish","type":"product","link":"https:\/\/kingarms.ee\/fi\/product\/radiolahetin-uv5r-baofeng\/","title":{"rendered":"Radiol\u00e4hetin UV5R (Baofeng)"},"content":{"rendered":"<p><img loading=\"lazy\" decoding=\"async\" class=\"alignnone size-full wp-image-136307\" src=\"https:\/\/kingarms.ee\/wp-content\/uploads\/2024\/10\/baofeng-dual-band-vhfuhf-fm-radio-bf-uv5r.jpg\" alt=\"\" width=\"1000\" height=\"1000\" srcset=\"https:\/\/kingarms.ee\/wp-content\/uploads\/2024\/10\/baofeng-dual-band-vhfuhf-fm-radio-bf-uv5r.jpg 1000w, https:\/\/kingarms.ee\/wp-content\/uploads\/2024\/10\/baofeng-dual-band-vhfuhf-fm-radio-bf-uv5r-300x300.jpg 300w, https:\/\/kingarms.ee\/wp-content\/uploads\/2024\/10\/baofeng-dual-band-vhfuhf-fm-radio-bf-uv5r-150x150.jpg 150w, https:\/\/kingarms.ee\/wp-content\/uploads\/2024\/10\/baofeng-dual-band-vhfuhf-fm-radio-bf-uv5r-768x768.jpg 768w, https:\/\/kingarms.ee\/wp-content\/uploads\/2024\/10\/baofeng-dual-band-vhfuhf-fm-radio-bf-uv5r-500x500.jpg 500w\" sizes=\"auto, (max-width: 1000px) 100vw, 1000px\" \/><\/p>\n","protected":false},"excerpt":{"rendered":"<p>Radiol\u00e4hetin UV5R (Baofeng) TWO-WAN VHF\/UHF FM RADIO 128 KANAVAA<\/p>\n<p>TAAJUUSALUE:<br \/>\n&#8211; VHF 136-174 MHz<br \/>\n&#8211; UHF 400-520 MHz &#8211; FM 65-108MHz L\u00c4HETYSAMPS: 2,5 kHz \/ 5 kHz \/ 6,25 kHz \/ 10 kHz \/ 12,5 kHz \/ 25 kHz ENNAKKOVOIMA: 5W &#8211; 1W<\/p>\n<p>ANTENNI-impedanssit: 50\u03a9<br \/>\nVALAISTU LCD-N\u00c4YTT\u00d6 PARISTOJEN S\u00c4\u00c4ST\u00d6TOIMINTOLLA YL\u00c4LL\u00c4 oleva LED-TASKULAMPPU (KIINTE\u00c4 TAI VILKKUVA VALO) SIS\u00c4LTYY PTT- JA CLIP-LUURIN JA MIKSI MUKANA SIS\u00c4LTYY K\u00c4DENKANTOLEMMI SIS\u00c4LTYY TAKAKIINNISTIN<\/p>\n<p>OHJELMOITAVA TIETOKONE MYYD\u00c4\u00c4N ERIKSEEN KAAPELIN KANSSA<br \/>\nMitat: 58mm x 110mm x 32mm PAINO: 130g Li-Ion 7.4 V x 1800 mAh AKKU JA LATAUSLAITE KOTELOSSA<\/p>\n<p>MUSTA V\u00c4RI<\/p>\n","protected":false},"featured_media":136551,"template":"","meta":{"_acf_changed":false},"product_brand":[],"product_cat":[666],"product_tag":[],"class_list":{"0":"post-136332","1":"product","2":"type-product","3":"status-publish","4":"has-post-thumbnail","6":"product_cat-lahettajat","8":"first","9":"instock","10":"taxable","11":"shipping-taxable","12":"purchasable","13":"product-type-simple"},"acf":[],"_links":{"self":[{"href":"https:\/\/kingarms.ee\/fi\/wp-json\/wp\/v2\/product\/136332","targetHints":{"allow":["GET"]}}],"collection":[{"href":"https:\/\/kingarms.ee\/fi\/wp-json\/wp\/v2\/product"}],"about":[{"href":"https:\/\/kingarms.ee\/fi\/wp-json\/wp\/v2\/types\/product"}],"wp:featuredmedia":[{"embeddable":true,"href":"https:\/\/kingarms.ee\/fi\/wp-json\/wp\/v2\/media\/136551"}],"wp:attachment":[{"href":"https:\/\/kingarms.ee\/fi\/wp-json\/wp\/v2\/media?parent=136332"}],"wp:term":[{"taxonomy":"product_brand","embeddable":true,"href":"https:\/\/kingarms.ee\/fi\/wp-json\/wp\/v2\/product_brand?post=136332"},{"taxonomy":"product_cat","embeddable":true,"href":"https:\/\/kingarms.ee\/fi\/wp-json\/wp\/v2\/product_cat?post=136332"},{"taxonomy":"product_tag","embeddable":true,"href":"https:\/\/kingarms.ee\/fi\/wp-json\/wp\/v2\/product_tag?post=136332"}],"curies":[{"name":"wp","href":"https:\/\/api.w.org\/{rel}","templated":true}]}}