{"id":136406,"date":"2024-10-15T15:33:28","date_gmt":"2024-10-15T12:33:28","guid":{"rendered":"https:\/\/kingarms.ee\/product\/radiolahetin-uv5rh-baofeng\/"},"modified":"2024-10-15T15:34:36","modified_gmt":"2024-10-15T12:34:36","slug":"radiolahetin-uv5rh-baofeng","status":"publish","type":"product","link":"https:\/\/kingarms.ee\/fi\/product\/radiolahetin-uv5rh-baofeng\/","title":{"rendered":"Radiol\u00e4hetin UV5RH (Baofeng)"},"content":{"rendered":"<p><img loading=\"lazy\" decoding=\"async\" class=\"alignnone size-full wp-image-136369\" src=\"https:\/\/kingarms.ee\/wp-content\/uploads\/2024\/10\/baofeng-dual-band-vhfuhf-amfm-radio-bf-uv5rh.jpg\" alt=\"\" width=\"1000\" height=\"1000\" srcset=\"https:\/\/kingarms.ee\/wp-content\/uploads\/2024\/10\/baofeng-dual-band-vhfuhf-amfm-radio-bf-uv5rh.jpg 1000w, https:\/\/kingarms.ee\/wp-content\/uploads\/2024\/10\/baofeng-dual-band-vhfuhf-amfm-radio-bf-uv5rh-300x300.jpg 300w, https:\/\/kingarms.ee\/wp-content\/uploads\/2024\/10\/baofeng-dual-band-vhfuhf-amfm-radio-bf-uv5rh-150x150.jpg 150w, https:\/\/kingarms.ee\/wp-content\/uploads\/2024\/10\/baofeng-dual-band-vhfuhf-amfm-radio-bf-uv5rh-768x768.jpg 768w, https:\/\/kingarms.ee\/wp-content\/uploads\/2024\/10\/baofeng-dual-band-vhfuhf-amfm-radio-bf-uv5rh-500x500.jpg 500w\" sizes=\"auto, (max-width: 1000px) 100vw, 1000px\" \/><\/p>\n","protected":false},"excerpt":{"rendered":"<p>Radiol\u00e4hetin UV5RH (Baofeng) KAHDEN BAND VHF\/UHF JA AM\/FM RADIO 999 KANAVAA<\/p>\n<p>TAAJUUSALUE:<br \/>\n&#8211; FM 76-108MHz &#8211; AM 108-136MHz<\/p>\n<p>&#8211; VHF 136-174 MHz<br \/>\n&#8211; UHF 400-520 MHz L\u00c4HETYSNOPEUS: 2,5 kHz \/ 5 kHz \/ 6,25 kHz \/ 10 kHz \/ 12,5 kHz \/ 20 kHz \/ 25 kHz \/ 50 kHz ENNAKKOVOIMA: 5W &#8211; 1W ANTENNI 210mm<\/p>\n<p>ANTENNI-impedanssit: 50\u03a9<br \/>\nJA langaton taajuus KOPIOINTIJ\u00c4RJESTELM\u00c4 NOA S\u00c4\u00c4TAAJUUS (USA &amp; KANADA) VALAISTU 1,77&#8243; V\u00c4RI-LCD-N\u00c4YTT\u00d6 PARISTON S\u00c4\u00c4ST\u00d6TOIMINTOLLA YL\u00c4LL\u00c4 LED-TASKULAMPPU (KIINTE\u00c4 TAI VILKKUVA VALO) SIS\u00c4LTYY PTT- JA KIINNITTELYK\u00c4YTT\u00d6OHJEET JA K\u00c4YTT\u00d6LAITTEET<\/p>\n<p>OHJELMOITAVA TIETOKONE MYYD\u00c4\u00c4N ERIKSEEN KAAPELIN KANSSA<br \/>\nMitat: 60mm x 135mm x 40mm PAINO: 305g Li-Ion 7.4 V x 2500 mAh AKKU JA LATAUSLAITE AKKU EI LADATTAVA KOTELOSSA MUUTEN USB-C KAAPELIN KAUTTA HUOM!<\/p>\n<p>MUSTA V\u00c4RI<\/p>\n","protected":false},"featured_media":136557,"template":"","meta":{"_acf_changed":false},"product_brand":[],"product_cat":[666],"product_tag":[],"class_list":{"0":"post-136406","1":"product","2":"type-product","3":"status-publish","4":"has-post-thumbnail","6":"product_cat-lahettajat","8":"first","9":"outofstock","10":"taxable","11":"shipping-taxable","12":"purchasable","13":"product-type-simple"},"acf":[],"_links":{"self":[{"href":"https:\/\/kingarms.ee\/fi\/wp-json\/wp\/v2\/product\/136406","targetHints":{"allow":["GET"]}}],"collection":[{"href":"https:\/\/kingarms.ee\/fi\/wp-json\/wp\/v2\/product"}],"about":[{"href":"https:\/\/kingarms.ee\/fi\/wp-json\/wp\/v2\/types\/product"}],"wp:featuredmedia":[{"embeddable":true,"href":"https:\/\/kingarms.ee\/fi\/wp-json\/wp\/v2\/media\/136557"}],"wp:attachment":[{"href":"https:\/\/kingarms.ee\/fi\/wp-json\/wp\/v2\/media?parent=136406"}],"wp:term":[{"taxonomy":"product_brand","embeddable":true,"href":"https:\/\/kingarms.ee\/fi\/wp-json\/wp\/v2\/product_brand?post=136406"},{"taxonomy":"product_cat","embeddable":true,"href":"https:\/\/kingarms.ee\/fi\/wp-json\/wp\/v2\/product_cat?post=136406"},{"taxonomy":"product_tag","embeddable":true,"href":"https:\/\/kingarms.ee\/fi\/wp-json\/wp\/v2\/product_tag?post=136406"}],"curies":[{"name":"wp","href":"https:\/\/api.w.org\/{rel}","templated":true}]}}