{"id":136468,"date":"2024-10-15T15:49:35","date_gmt":"2024-10-15T12:50:09","guid":{"rendered":"https:\/\/kingarms.ee\/product\/radiolahetin-uvs9-baofeng\/"},"modified":"2024-10-15T15:50:09","modified_gmt":"2024-10-15T12:50:09","slug":"radiolahetin-uvs9-baofeng","status":"publish","type":"product","link":"https:\/\/kingarms.ee\/fi\/product\/radiolahetin-uvs9-baofeng\/","title":{"rendered":"Radiol\u00e4hetin UVS9 (Baofeng)"},"content":{"rendered":"<p><img loading=\"lazy\" decoding=\"async\" class=\"alignnone size-full wp-image-136443\" src=\"https:\/\/kingarms.ee\/wp-content\/uploads\/2024\/10\/baofeng-dual-band-vhfuhf-radio-bf-uvs9.jpg\" alt=\"\" width=\"1000\" height=\"1000\" srcset=\"https:\/\/kingarms.ee\/wp-content\/uploads\/2024\/10\/baofeng-dual-band-vhfuhf-radio-bf-uvs9.jpg 1000w, https:\/\/kingarms.ee\/wp-content\/uploads\/2024\/10\/baofeng-dual-band-vhfuhf-radio-bf-uvs9-300x300.jpg 300w, https:\/\/kingarms.ee\/wp-content\/uploads\/2024\/10\/baofeng-dual-band-vhfuhf-radio-bf-uvs9-150x150.jpg 150w, https:\/\/kingarms.ee\/wp-content\/uploads\/2024\/10\/baofeng-dual-band-vhfuhf-radio-bf-uvs9-768x768.jpg 768w, https:\/\/kingarms.ee\/wp-content\/uploads\/2024\/10\/baofeng-dual-band-vhfuhf-radio-bf-uvs9-500x500.jpg 500w\" sizes=\"auto, (max-width: 1000px) 100vw, 1000px\" \/><\/p>\n","protected":false},"excerpt":{"rendered":"<p>RADIOL\u00c4HETIN UVS9 (Baofeng) KAHDEN BAND VHF\/UHF RADIO 128 KANAVAA L\u00c4HETYSALUE: &#8211; VHF 136-174 MHz &#8211; UHF 400-520 MHz LIS\u00c4\u00c4 Mahdollisuuksia:<\/p>\n<p>8W &#8211; 1W AKUN S\u00c4\u00c4ST\u00c4J\u00c4 VALAISTULLA LCD-N\u00c4YT\u00d6LL\u00c4 YL\u00c4OSAN LED-<\/p>\n<p>LAMPPU (KIINNITETT\u00c4V\u00c4 TAI S\u00c4HK\u00d6INEN LAMPPU) RUNKO PTT:ll\u00e4 JA CLIPILL\u00c4 RUNKO K\u00c4DELL\u00c4 K\u00c4DELL\u00c4 RUNKO TAKAISIN AVAIMELLA ERIKOISMYYNTI LANGATTOMASTI OHJELMOITAVILLA PC:ll\u00e4 Mitat:<\/p>\n<p>Paino: 160g Li-Ion 7,4 V x 2000 mAh AKKU JA LATAUSKOTI MUSTA V\u00c4RI MUSTA.<\/p>\n","protected":false},"featured_media":136497,"template":"","meta":{"_acf_changed":false},"product_brand":[],"product_cat":[666],"product_tag":[],"class_list":{"0":"post-136468","1":"product","2":"type-product","3":"status-publish","4":"has-post-thumbnail","6":"product_cat-lahettajat","8":"first","9":"instock","10":"taxable","11":"shipping-taxable","12":"purchasable","13":"product-type-simple"},"acf":[],"_links":{"self":[{"href":"https:\/\/kingarms.ee\/fi\/wp-json\/wp\/v2\/product\/136468","targetHints":{"allow":["GET"]}}],"collection":[{"href":"https:\/\/kingarms.ee\/fi\/wp-json\/wp\/v2\/product"}],"about":[{"href":"https:\/\/kingarms.ee\/fi\/wp-json\/wp\/v2\/types\/product"}],"wp:featuredmedia":[{"embeddable":true,"href":"https:\/\/kingarms.ee\/fi\/wp-json\/wp\/v2\/media\/136497"}],"wp:attachment":[{"href":"https:\/\/kingarms.ee\/fi\/wp-json\/wp\/v2\/media?parent=136468"}],"wp:term":[{"taxonomy":"product_brand","embeddable":true,"href":"https:\/\/kingarms.ee\/fi\/wp-json\/wp\/v2\/product_brand?post=136468"},{"taxonomy":"product_cat","embeddable":true,"href":"https:\/\/kingarms.ee\/fi\/wp-json\/wp\/v2\/product_cat?post=136468"},{"taxonomy":"product_tag","embeddable":true,"href":"https:\/\/kingarms.ee\/fi\/wp-json\/wp\/v2\/product_tag?post=136468"}],"curies":[{"name":"wp","href":"https:\/\/api.w.org\/{rel}","templated":true}]}}