{"id":136478,"date":"2024-10-15T16:13:33","date_gmt":"2024-10-15T13:15:14","guid":{"rendered":"https:\/\/kingarms.ee\/product\/airsoft-pistooli-glock-17-vigor\/"},"modified":"2024-10-15T16:15:14","modified_gmt":"2024-10-15T13:15:14","slug":"airsoft-pustol-glock-17-vigor","status":"publish","type":"product","link":"https:\/\/kingarms.ee\/fi\/product\/airsoft-pustol-glock-17-vigor\/","title":{"rendered":"Airsoft-pistooli Glock 17 (Vigor)"},"content":{"rendered":"<p><img loading=\"lazy\" decoding=\"async\" class=\"alignnone size-full wp-image-136471\" src=\"https:\/\/kingarms.ee\/wp-content\/uploads\/2024\/10\/blowback-gas-pistol-with-knurled-grip-vg1-b.jpg\" alt=\"\" width=\"1000\" height=\"1000\" srcset=\"https:\/\/kingarms.ee\/wp-content\/uploads\/2024\/10\/blowback-gas-pistol-with-knurled-grip-vg1-b.jpg 1000w, https:\/\/kingarms.ee\/wp-content\/uploads\/2024\/10\/blowback-gas-pistol-with-knurled-grip-vg1-b-300x300.jpg 300w, https:\/\/kingarms.ee\/wp-content\/uploads\/2024\/10\/blowback-gas-pistol-with-knurled-grip-vg1-b-150x150.jpg 150w, https:\/\/kingarms.ee\/wp-content\/uploads\/2024\/10\/blowback-gas-pistol-with-knurled-grip-vg1-b-768x768.jpg 768w, https:\/\/kingarms.ee\/wp-content\/uploads\/2024\/10\/blowback-gas-pistol-with-knurled-grip-vg1-b-500x500.jpg 500w\" sizes=\"auto, (max-width: 1000px) 100vw, 1000px\" \/><\/p>\n","protected":false},"excerpt":{"rendered":"<p>Airsoft-pistooli Glock 17 (Vigor) Airsoft-pistooli, jossa on takaiskuvoima Polymeerirunko ja metallinen liukukelkka Lippaan kapasiteetti on 25 patruunaa Lataus tapahtuu lippaan alta vihre\u00e4ll\u00e4 kaasulla Kahva liukumattomalla kahvalla Vain yksi laukaus Pituus 190mm Paino 728g Musta v\u00e4ri<\/p>\n","protected":false},"featured_media":136473,"template":"","meta":{"_acf_changed":false},"product_brand":[],"product_cat":[252],"product_tag":[],"class_list":{"0":"post-136478","1":"product","2":"type-product","3":"status-publish","4":"has-post-thumbnail","6":"product_cat-kaasutoimiset-aseet","8":"first","9":"instock","10":"taxable","11":"shipping-taxable","12":"purchasable","13":"product-type-simple"},"acf":[],"_links":{"self":[{"href":"https:\/\/kingarms.ee\/fi\/wp-json\/wp\/v2\/product\/136478","targetHints":{"allow":["GET"]}}],"collection":[{"href":"https:\/\/kingarms.ee\/fi\/wp-json\/wp\/v2\/product"}],"about":[{"href":"https:\/\/kingarms.ee\/fi\/wp-json\/wp\/v2\/types\/product"}],"wp:featuredmedia":[{"embeddable":true,"href":"https:\/\/kingarms.ee\/fi\/wp-json\/wp\/v2\/media\/136473"}],"wp:attachment":[{"href":"https:\/\/kingarms.ee\/fi\/wp-json\/wp\/v2\/media?parent=136478"}],"wp:term":[{"taxonomy":"product_brand","embeddable":true,"href":"https:\/\/kingarms.ee\/fi\/wp-json\/wp\/v2\/product_brand?post=136478"},{"taxonomy":"product_cat","embeddable":true,"href":"https:\/\/kingarms.ee\/fi\/wp-json\/wp\/v2\/product_cat?post=136478"},{"taxonomy":"product_tag","embeddable":true,"href":"https:\/\/kingarms.ee\/fi\/wp-json\/wp\/v2\/product_tag?post=136478"}],"curies":[{"name":"wp","href":"https:\/\/api.w.org\/{rel}","templated":true}]}}