{"id":136921,"date":"2024-01-22T13:09:32","date_gmt":"2024-01-22T10:09:32","guid":{"rendered":"https:\/\/kingarms.ee\/product\/t4e-hdr-50-voide-pallot-umarex\/"},"modified":"2024-11-06T13:53:37","modified_gmt":"2024-11-06T10:53:37","slug":"t4e-hdr-50-posting-balls-umarex","status":"publish","type":"product","link":"https:\/\/kingarms.ee\/fi\/product\/t4e-hdr-50-posting-balls-umarex\/","title":{"rendered":"T4E HDR 50 -voide + pallot (Umarex)"},"content":{"rendered":"","protected":false},"excerpt":{"rendered":"<p>T4E HDR 50 -voide + pallot (Umarex) -voide sis\u00e4lt\u00e4\u00e4:<\/p>\n<ul>\n<li>3 kumipalloa<\/li>\n<li>3 pippuria palloa<\/li>\n<\/ul>\n<p><strong><span style=\"color: #ff0000;\">Lokero on useita!<\/span><\/strong><\/p>\n","protected":false},"featured_media":94483,"template":"","meta":{"_acf_changed":false},"product_brand":[],"product_cat":[531,535],"product_tag":[],"class_list":{"0":"post-136921","1":"product","2":"type-product","3":"status-publish","4":"has-post-thumbnail","6":"product_cat-t4e","7":"product_cat-kumipallot","9":"first","10":"outofstock","11":"taxable","12":"shipping-taxable","13":"purchasable","14":"product-type-simple"},"acf":[],"_links":{"self":[{"href":"https:\/\/kingarms.ee\/fi\/wp-json\/wp\/v2\/product\/136921","targetHints":{"allow":["GET"]}}],"collection":[{"href":"https:\/\/kingarms.ee\/fi\/wp-json\/wp\/v2\/product"}],"about":[{"href":"https:\/\/kingarms.ee\/fi\/wp-json\/wp\/v2\/types\/product"}],"wp:featuredmedia":[{"embeddable":true,"href":"https:\/\/kingarms.ee\/fi\/wp-json\/wp\/v2\/media\/94483"}],"wp:attachment":[{"href":"https:\/\/kingarms.ee\/fi\/wp-json\/wp\/v2\/media?parent=136921"}],"wp:term":[{"taxonomy":"product_brand","embeddable":true,"href":"https:\/\/kingarms.ee\/fi\/wp-json\/wp\/v2\/product_brand?post=136921"},{"taxonomy":"product_cat","embeddable":true,"href":"https:\/\/kingarms.ee\/fi\/wp-json\/wp\/v2\/product_cat?post=136921"},{"taxonomy":"product_tag","embeddable":true,"href":"https:\/\/kingarms.ee\/fi\/wp-json\/wp\/v2\/product_tag?post=136921"}],"curies":[{"name":"wp","href":"https:\/\/api.w.org\/{rel}","templated":true}]}}