{"id":140404,"date":"2024-12-06T16:40:00","date_gmt":"2024-12-06T16:11:44","guid":{"rendered":"https:\/\/kingarms.ee\/product\/koristeellinen-fantasiamiekka-017bs\/"},"modified":"2025-02-08T17:14:55","modified_gmt":"2025-02-08T14:14:55","slug":"koriste-fantasia-sword-017bs","status":"publish","type":"product","link":"https:\/\/kingarms.ee\/fi\/product\/koriste-fantasia-sword-017bs\/","title":{"rendered":"Koristeellinen fantasiamiekka (017bs)"},"content":{"rendered":"<p>Koristeellinen fantasiamiekka (017bs)<\/p>\n<p>Koristeellut miekka<br \/>\nJack Sparrow&#8217;s Sword, Karibian merirosvojen innoittamana<br \/>\nTer\u00e4ster\u00e4 kaiverruksilla<br \/>\nT\u00e4ysmetalli<br \/>\nMuovi- ja metallihukeus<br \/>\nTer\u00e4n pituus 560 mm<br \/>\nKokonaispituus 710 mm (780 mm scabardilla)<br \/>\nPaino 900 g (1190 g scabardilla)<\/p>\n<p>Ei teroitettu ja tyls\u00e4 ter\u00e4\u00e4, vain koristeellisiin tarkoituksiin<\/p>\n","protected":false},"excerpt":{"rendered":"<p>Koristeellinen fantasiamiekka (017bs)<\/p>\n<p>Koristeellut miekka<br \/>\nJack Sparrow&#8217;s Sword, Karibian merirosvojen innoittamana<br \/>\nTer\u00e4ster\u00e4 kaiverruksilla<br \/>\nT\u00e4ysmetalli<br \/>\nMuovi- ja metallihukeus<br \/>\nTer\u00e4n pituus 560 mm<br \/>\nKokonaispituus 710 mm (780 mm scabardilla)<br \/>\nPaino 900 g (1190 g scabardilla)<\/p>\n<p>Ei teroitettu ja tyls\u00e4 ter\u00e4\u00e4, vain koristeellisiin tarkoituksiin<\/p>\n","protected":false},"featured_media":140105,"template":"","meta":{"_acf_changed":false},"product_brand":[],"product_cat":[1309,266],"product_tag":[],"class_list":{"0":"post-140404","1":"product","2":"type-product","3":"status-publish","4":"has-post-thumbnail","6":"product_cat-miekat","7":"product_cat-muut-viritys-ja-varaosat","9":"first","10":"instock","11":"purchasable","12":"product-type-simple"},"acf":[],"_links":{"self":[{"href":"https:\/\/kingarms.ee\/fi\/wp-json\/wp\/v2\/product\/140404","targetHints":{"allow":["GET"]}}],"collection":[{"href":"https:\/\/kingarms.ee\/fi\/wp-json\/wp\/v2\/product"}],"about":[{"href":"https:\/\/kingarms.ee\/fi\/wp-json\/wp\/v2\/types\/product"}],"wp:featuredmedia":[{"embeddable":true,"href":"https:\/\/kingarms.ee\/fi\/wp-json\/wp\/v2\/media\/140105"}],"wp:attachment":[{"href":"https:\/\/kingarms.ee\/fi\/wp-json\/wp\/v2\/media?parent=140404"}],"wp:term":[{"taxonomy":"product_brand","embeddable":true,"href":"https:\/\/kingarms.ee\/fi\/wp-json\/wp\/v2\/product_brand?post=140404"},{"taxonomy":"product_cat","embeddable":true,"href":"https:\/\/kingarms.ee\/fi\/wp-json\/wp\/v2\/product_cat?post=140404"},{"taxonomy":"product_tag","embeddable":true,"href":"https:\/\/kingarms.ee\/fi\/wp-json\/wp\/v2\/product_tag?post=140404"}],"curies":[{"name":"wp","href":"https:\/\/api.w.org\/{rel}","templated":true}]}}