{"id":140557,"date":"2024-12-06T16:39:41","date_gmt":"2024-12-07T10:28:16","guid":{"rendered":"https:\/\/kingarms.ee\/product\/koristeellut-miekka-zs057\/"},"modified":"2025-02-08T17:15:23","modified_gmt":"2025-02-08T14:15:23","slug":"koriste-sword-zs057","status":"publish","type":"product","link":"https:\/\/kingarms.ee\/fi\/product\/koriste-sword-zs057\/","title":{"rendered":"Koristeellut miekka (ZS057)"},"content":{"rendered":"<p>Koristeellut miekka (ZS057)<\/p>\n<p>Koristeellut miekka<br \/>\nPilvikipanin kovamiekan innoittamana<br \/>\nFinal Fantasy -sarja<br \/>\nT\u00e4ysin valmistettu vaahtoa<br \/>\nTer\u00e4n pituus 735 mm<br \/>\nYleinen pituus 1020 mm<br \/>\nPaino 690 g<\/p>\n<p>Tyls\u00e4 eik\u00e4 teroitettu ter\u00e4, vain koristeellisiin tarkoituksiin<\/p>\n","protected":false},"excerpt":{"rendered":"<p>Koristeellut miekka (ZS057)<\/p>\n<p>Koristeellut miekka<br \/>\nPilvikipanin kovamiekan innoittamana<br \/>\nFinal Fantasy -sarja<br \/>\nT\u00e4ysin valmistettu vaahtoa<br \/>\nTer\u00e4n pituus 735 mm<br \/>\nYleinen pituus 1020 mm<br \/>\nPaino 690 g<\/p>\n<p>Tyls\u00e4 eik\u00e4 teroitettu ter\u00e4, vain koristeellisiin tarkoituksiin<\/p>\n","protected":false},"featured_media":139013,"template":"","meta":{"_acf_changed":false},"product_brand":[],"product_cat":[1309,266],"product_tag":[],"class_list":{"0":"post-140557","1":"product","2":"type-product","3":"status-publish","4":"has-post-thumbnail","6":"product_cat-miekat","7":"product_cat-muut-viritys-ja-varaosat","9":"first","10":"instock","11":"purchasable","12":"product-type-simple"},"acf":[],"_links":{"self":[{"href":"https:\/\/kingarms.ee\/fi\/wp-json\/wp\/v2\/product\/140557","targetHints":{"allow":["GET"]}}],"collection":[{"href":"https:\/\/kingarms.ee\/fi\/wp-json\/wp\/v2\/product"}],"about":[{"href":"https:\/\/kingarms.ee\/fi\/wp-json\/wp\/v2\/types\/product"}],"wp:featuredmedia":[{"embeddable":true,"href":"https:\/\/kingarms.ee\/fi\/wp-json\/wp\/v2\/media\/139013"}],"wp:attachment":[{"href":"https:\/\/kingarms.ee\/fi\/wp-json\/wp\/v2\/media?parent=140557"}],"wp:term":[{"taxonomy":"product_brand","embeddable":true,"href":"https:\/\/kingarms.ee\/fi\/wp-json\/wp\/v2\/product_brand?post=140557"},{"taxonomy":"product_cat","embeddable":true,"href":"https:\/\/kingarms.ee\/fi\/wp-json\/wp\/v2\/product_cat?post=140557"},{"taxonomy":"product_tag","embeddable":true,"href":"https:\/\/kingarms.ee\/fi\/wp-json\/wp\/v2\/product_tag?post=140557"}],"curies":[{"name":"wp","href":"https:\/\/api.w.org\/{rel}","templated":true}]}}