{"id":140577,"date":"2024-12-06T16:39:23","date_gmt":"2024-12-07T10:45:36","guid":{"rendered":"https:\/\/kingarms.ee\/product\/koristeellinen-tikari-zs171bg\/"},"modified":"2025-02-08T17:15:26","modified_gmt":"2025-02-08T14:15:26","slug":"koriste-dagger-zs171bg","status":"publish","type":"product","link":"https:\/\/kingarms.ee\/fi\/product\/koriste-dagger-zs171bg\/","title":{"rendered":"Koristeellinen tikari (ZS171BG)"},"content":{"rendered":"<p>Koristeellinen tikari (ZS171BG)<\/p>\n<p>Koristeellinen tikari<br \/>\nPungolon innoittamana, Frodo&#8217;s tikari<br \/>\nThe Lord of the Rings -sarja<br \/>\nTer\u00e4ster\u00e4<br \/>\nMetallikahva, vartija ja nuppi<br \/>\nPuinen scabbard -keinonahka, joka on peitetty metallilla viimeistelyll\u00e4<br \/>\nTer\u00e4n pituus 440 mm<br \/>\nKokonaispituus 580 mm (627 mm scabardilla)<br \/>\nPaino 600 g (985 g scabbardin kanssa)<\/p>\n<p>Ei teroitettu ja tyls\u00e4 ter\u00e4\u00e4, vain koristeellisiin tarkoituksiin<\/p>\n","protected":false},"excerpt":{"rendered":"<p>Koristeellinen tikari (ZS171BG)<\/p>\n<p>Koristeellinen tikari<br \/>\nPungolon innoittamana, Frodo&#8217;s tikari<br \/>\nThe Lord of the Rings -sarja<br \/>\nTer\u00e4ster\u00e4<br \/>\nMetallikahva, vartija ja nuppi<br \/>\nPuinen scabbard -keinonahka, joka on peitetty metallilla viimeistelyll\u00e4<br \/>\nTer\u00e4n pituus 440 mm<br \/>\nKokonaispituus 580 mm (627 mm scabardilla)<br \/>\nPaino 600 g (985 g scabbardin kanssa)<\/p>\n<p>Ei teroitettu ja tyls\u00e4 ter\u00e4\u00e4, vain koristeellisiin tarkoituksiin<\/p>\n","protected":false},"featured_media":139289,"template":"","meta":{"_acf_changed":false},"product_brand":[],"product_cat":[1309,266],"product_tag":[],"class_list":{"0":"post-140577","1":"product","2":"type-product","3":"status-publish","4":"has-post-thumbnail","6":"product_cat-miekat","7":"product_cat-muut-viritys-ja-varaosat","9":"first","10":"instock","11":"purchasable","12":"product-type-simple"},"acf":[],"_links":{"self":[{"href":"https:\/\/kingarms.ee\/fi\/wp-json\/wp\/v2\/product\/140577","targetHints":{"allow":["GET"]}}],"collection":[{"href":"https:\/\/kingarms.ee\/fi\/wp-json\/wp\/v2\/product"}],"about":[{"href":"https:\/\/kingarms.ee\/fi\/wp-json\/wp\/v2\/types\/product"}],"wp:featuredmedia":[{"embeddable":true,"href":"https:\/\/kingarms.ee\/fi\/wp-json\/wp\/v2\/media\/139289"}],"wp:attachment":[{"href":"https:\/\/kingarms.ee\/fi\/wp-json\/wp\/v2\/media?parent=140577"}],"wp:term":[{"taxonomy":"product_brand","embeddable":true,"href":"https:\/\/kingarms.ee\/fi\/wp-json\/wp\/v2\/product_brand?post=140577"},{"taxonomy":"product_cat","embeddable":true,"href":"https:\/\/kingarms.ee\/fi\/wp-json\/wp\/v2\/product_cat?post=140577"},{"taxonomy":"product_tag","embeddable":true,"href":"https:\/\/kingarms.ee\/fi\/wp-json\/wp\/v2\/product_tag?post=140577"}],"curies":[{"name":"wp","href":"https:\/\/api.w.org\/{rel}","templated":true}]}}