{"id":140609,"date":"2024-12-06T16:39:23","date_gmt":"2024-12-07T11:46:58","guid":{"rendered":"https:\/\/kingarms.ee\/product\/koristeellinen-miekka-zs170\/"},"modified":"2025-02-08T17:15:27","modified_gmt":"2025-02-08T14:15:27","slug":"koriste-sword-zs170","status":"publish","type":"product","link":"https:\/\/kingarms.ee\/fi\/product\/koriste-sword-zs170\/","title":{"rendered":"Koristeellinen miekka (ZS170)"},"content":{"rendered":"<p>Koristeellinen miekka (ZS170)<\/p>\n<p>Koristeellut miekka<br \/>\nOrcristin inspiroima Thorin Oakenshieldin miekka<br \/>\nHobbit -sarja<br \/>\nTer\u00e4ster\u00e4<br \/>\nPuurahva<br \/>\nMetalliharja ja nuppi<br \/>\nMukana puinen sein\u00e4teline<br \/>\nYleinen pituus 990 mm<br \/>\nTer\u00e4n pituus 760 mm<br \/>\nPaino 1605 g<\/p>\n<p>Ei teroitettu ja tyls\u00e4 ter\u00e4\u00e4, vain koristeellisiin tarkoituksiin<\/p>\n","protected":false},"excerpt":{"rendered":"<p>Koristeellinen miekka (ZS170)<\/p>\n<p>Koristeellut miekka<br \/>\nOrcristin inspiroima Thorin Oakenshieldin miekka<br \/>\nHobbit -sarja<br \/>\nTer\u00e4ster\u00e4<br \/>\nPuurahva<br \/>\nMetalliharja ja nuppi<br \/>\nMukana puinen sein\u00e4teline<br \/>\nYleinen pituus 990 mm<br \/>\nTer\u00e4n pituus 760 mm<br \/>\nPaino 1605 g<\/p>\n<p>Ei teroitettu ja tyls\u00e4 ter\u00e4\u00e4, vain koristeellisiin tarkoituksiin<\/p>\n","protected":false},"featured_media":139283,"template":"","meta":{"_acf_changed":false},"product_brand":[],"product_cat":[1309,266],"product_tag":[],"class_list":{"0":"post-140609","1":"product","2":"type-product","3":"status-publish","4":"has-post-thumbnail","6":"product_cat-miekat","7":"product_cat-muut-viritys-ja-varaosat","9":"first","10":"instock","11":"purchasable","12":"product-type-simple"},"acf":[],"_links":{"self":[{"href":"https:\/\/kingarms.ee\/fi\/wp-json\/wp\/v2\/product\/140609","targetHints":{"allow":["GET"]}}],"collection":[{"href":"https:\/\/kingarms.ee\/fi\/wp-json\/wp\/v2\/product"}],"about":[{"href":"https:\/\/kingarms.ee\/fi\/wp-json\/wp\/v2\/types\/product"}],"wp:featuredmedia":[{"embeddable":true,"href":"https:\/\/kingarms.ee\/fi\/wp-json\/wp\/v2\/media\/139283"}],"wp:attachment":[{"href":"https:\/\/kingarms.ee\/fi\/wp-json\/wp\/v2\/media?parent=140609"}],"wp:term":[{"taxonomy":"product_brand","embeddable":true,"href":"https:\/\/kingarms.ee\/fi\/wp-json\/wp\/v2\/product_brand?post=140609"},{"taxonomy":"product_cat","embeddable":true,"href":"https:\/\/kingarms.ee\/fi\/wp-json\/wp\/v2\/product_cat?post=140609"},{"taxonomy":"product_tag","embeddable":true,"href":"https:\/\/kingarms.ee\/fi\/wp-json\/wp\/v2\/product_tag?post=140609"}],"curies":[{"name":"wp","href":"https:\/\/api.w.org\/{rel}","templated":true}]}}