{"id":140616,"date":"2024-12-06T16:39:23","date_gmt":"2024-12-07T11:51:02","guid":{"rendered":"https:\/\/kingarms.ee\/product\/pienikoristeelliset-fantasiaparit-zs678-2-2-mini\/"},"modified":"2025-02-08T17:15:28","modified_gmt":"2025-02-08T14:15:28","slug":"mini-ovamental-fantasy-par-swords-zs678-2-mini","status":"publish","type":"product","link":"https:\/\/kingarms.ee\/fi\/product\/mini-ovamental-fantasy-par-swords-zs678-2-mini\/","title":{"rendered":"Pienikoristeelliset fantasiaparit (ZS678-2-2-MINI)"},"content":{"rendered":"<p>Pienikoristeelliset fantasiaparit (ZS678-2-2-MINI)<\/p>\n<p>Mini koristeelliset fantasiaparit miekat<br \/>\nTengen Uzuin miekkojen innoittamana<br \/>\nAnime -sarjan demoni Slayer: kimetsu no yaiba<br \/>\nTer\u00e4ster\u00e4<br \/>\nMuovinen vartija ja nuppi<br \/>\nMetalliketju<br \/>\nPuurahva<br \/>\nLetherette -scabbard<br \/>\nTer\u00e4n pituus 270 mm<br \/>\nYleinen pituus 420 mm<br \/>\nKokonaispaino 505 g (630 g scabardilla)<\/p>\n<p>Tyls\u00e4 eik\u00e4 teroitettu ter\u00e4, vain koristeellisiin tarkoituksiin<\/p>\n","protected":false},"excerpt":{"rendered":"<p>Pienikoristeelliset fantasiaparit (ZS678-2-2-MINI)<\/p>\n<p>Mini koristeelliset fantasiaparit miekat<br \/>\nTengen Uzuin miekkojen innoittamana<br \/>\nAnime -sarjan demoni Slayer: kimetsu no yaiba<br \/>\nTer\u00e4ster\u00e4<br \/>\nMuovinen vartija ja nuppi<br \/>\nMetalliketju<br \/>\nPuurahva<br \/>\nLetherette -scabbard<br \/>\nTer\u00e4n pituus 270 mm<br \/>\nYleinen pituus 420 mm<br \/>\nKokonaispaino 505 g (630 g scabardilla)<\/p>\n<p>Tyls\u00e4 eik\u00e4 teroitettu ter\u00e4, vain koristeellisiin tarkoituksiin<\/p>\n","protected":false},"featured_media":139613,"template":"","meta":{"_acf_changed":false},"product_brand":[],"product_cat":[1309,266],"product_tag":[],"class_list":{"0":"post-140616","1":"product","2":"type-product","3":"status-publish","4":"has-post-thumbnail","6":"product_cat-miekat","7":"product_cat-muut-viritys-ja-varaosat","9":"first","10":"instock","11":"purchasable","12":"product-type-simple"},"acf":[],"_links":{"self":[{"href":"https:\/\/kingarms.ee\/fi\/wp-json\/wp\/v2\/product\/140616","targetHints":{"allow":["GET"]}}],"collection":[{"href":"https:\/\/kingarms.ee\/fi\/wp-json\/wp\/v2\/product"}],"about":[{"href":"https:\/\/kingarms.ee\/fi\/wp-json\/wp\/v2\/types\/product"}],"wp:featuredmedia":[{"embeddable":true,"href":"https:\/\/kingarms.ee\/fi\/wp-json\/wp\/v2\/media\/139613"}],"wp:attachment":[{"href":"https:\/\/kingarms.ee\/fi\/wp-json\/wp\/v2\/media?parent=140616"}],"wp:term":[{"taxonomy":"product_brand","embeddable":true,"href":"https:\/\/kingarms.ee\/fi\/wp-json\/wp\/v2\/product_brand?post=140616"},{"taxonomy":"product_cat","embeddable":true,"href":"https:\/\/kingarms.ee\/fi\/wp-json\/wp\/v2\/product_cat?post=140616"},{"taxonomy":"product_tag","embeddable":true,"href":"https:\/\/kingarms.ee\/fi\/wp-json\/wp\/v2\/product_tag?post=140616"}],"curies":[{"name":"wp","href":"https:\/\/api.w.org\/{rel}","templated":true}]}}