{"id":140617,"date":"2024-12-06T16:39:23","date_gmt":"2024-12-07T11:51:03","guid":{"rendered":"https:\/\/kingarms.ee\/product\/koristeellinen-fantasiamiekka-kaiverretulla-teralla-033cu\/"},"modified":"2025-02-08T17:15:28","modified_gmt":"2025-02-08T14:15:28","slug":"koriste-fantasia-sword-kaiverrettu-tera-033cu","status":"publish","type":"product","link":"https:\/\/kingarms.ee\/fi\/product\/koriste-fantasia-sword-kaiverrettu-tera-033cu\/","title":{"rendered":"Koristeellinen fantasiamiekka kaiverretulla ter\u00e4ll\u00e4 (033CU)"},"content":{"rendered":"<p>Koristeellinen fantasiamiekka kaiverretulla ter\u00e4ll\u00e4 (033CU)<\/p>\n<p>Koristeellinen fantasiamiekka<br \/>\nTer\u00e4\u00e4 kaiverruksilla<br \/>\nAragonin Narsil -miekan inspiroima renkaiden herra<br \/>\nTer\u00e4ster\u00e4<br \/>\nPuinen scabard peitetty keinonahkalla metalliosilla<br \/>\nMetallikiilto, jonka osa on peitetty keinonahalla<br \/>\nKokonaispituus 119 cm (130 cm scabbardin kanssa)<br \/>\nTer\u00e4n pituus 90 cm<br \/>\nPaino 1750 g (Scabard 2450G)<\/p>\n<p>Ei teroitettu ja tyls\u00e4 ter\u00e4\u00e4, vain koristeellisiin tarkoituksiin<\/p>\n","protected":false},"excerpt":{"rendered":"<p>Koristeellinen fantasiamiekka kaiverretulla ter\u00e4ll\u00e4 (033CU)<\/p>\n<p>Koristeellinen fantasiamiekka<br \/>\nTer\u00e4\u00e4 kaiverruksilla<br \/>\nAragonin Narsil -miekan inspiroima renkaiden herra<br \/>\nTer\u00e4ster\u00e4<br \/>\nPuinen scabard peitetty keinonahkalla metalliosilla<br \/>\nMetallikiilto, jonka osa on peitetty keinonahalla<br \/>\nKokonaispituus 119 cm (130 cm scabbardin kanssa)<br \/>\nTer\u00e4n pituus 90 cm<br \/>\nPaino 1750 g (Scabard 2450G)<\/p>\n<p>Ei teroitettu ja tyls\u00e4 ter\u00e4\u00e4, vain koristeellisiin tarkoituksiin<\/p>\n","protected":false},"featured_media":138803,"template":"","meta":{"_acf_changed":false},"product_brand":[],"product_cat":[1309,266],"product_tag":[],"class_list":{"0":"post-140617","1":"product","2":"type-product","3":"status-publish","4":"has-post-thumbnail","6":"product_cat-miekat","7":"product_cat-muut-viritys-ja-varaosat","9":"first","10":"instock","11":"purchasable","12":"product-type-simple"},"acf":[],"_links":{"self":[{"href":"https:\/\/kingarms.ee\/fi\/wp-json\/wp\/v2\/product\/140617","targetHints":{"allow":["GET"]}}],"collection":[{"href":"https:\/\/kingarms.ee\/fi\/wp-json\/wp\/v2\/product"}],"about":[{"href":"https:\/\/kingarms.ee\/fi\/wp-json\/wp\/v2\/types\/product"}],"wp:featuredmedia":[{"embeddable":true,"href":"https:\/\/kingarms.ee\/fi\/wp-json\/wp\/v2\/media\/138803"}],"wp:attachment":[{"href":"https:\/\/kingarms.ee\/fi\/wp-json\/wp\/v2\/media?parent=140617"}],"wp:term":[{"taxonomy":"product_brand","embeddable":true,"href":"https:\/\/kingarms.ee\/fi\/wp-json\/wp\/v2\/product_brand?post=140617"},{"taxonomy":"product_cat","embeddable":true,"href":"https:\/\/kingarms.ee\/fi\/wp-json\/wp\/v2\/product_cat?post=140617"},{"taxonomy":"product_tag","embeddable":true,"href":"https:\/\/kingarms.ee\/fi\/wp-json\/wp\/v2\/product_tag?post=140617"}],"curies":[{"name":"wp","href":"https:\/\/api.w.org\/{rel}","templated":true}]}}