{"id":140632,"date":"2024-12-06T16:39:23","date_gmt":"2024-12-07T11:51:05","guid":{"rendered":"https:\/\/kingarms.ee\/product\/koristeellut-miekka-by-053cu\/"},"modified":"2025-02-08T17:15:29","modified_gmt":"2025-02-08T14:15:29","slug":"koriste-sword-by-053cu","status":"publish","type":"product","link":"https:\/\/kingarms.ee\/fi\/product\/koriste-sword-by-053cu\/","title":{"rendered":"Koristeellut miekka (BY-053CU)"},"content":{"rendered":"<p>Koristeellut miekka (BY-053CU)<\/p>\n<p>Koristeellut miekka<br \/>\nInspiroitu Balianon miekasta taivaan Kingdom -elokuvasta<br \/>\nTer\u00e4ster\u00e4<br \/>\nMuovikanta metalliosilla<br \/>\nKeinonahka peitetty muovinen scabard metalliosilla<br \/>\nKokonaispituus 1147 mm (1165 mm scabardilla)<br \/>\nTer\u00e4n pituus 90 mm<br \/>\nPaino 1145 g (1515 g scabardilla)<\/p>\n<p>Tyls\u00e4 eik\u00e4 teroitettu ter\u00e4, vain koristeellisiin tarkoituksiin<\/p>\n","protected":false},"excerpt":{"rendered":"<p>Koristeellut miekka (BY-053CU)<\/p>\n<p>Koristeellut miekka<br \/>\nInspiroitu Balianon miekasta taivaan Kingdom -elokuvasta<br \/>\nTer\u00e4ster\u00e4<br \/>\nMuovikanta metalliosilla<br \/>\nKeinonahka peitetty muovinen scabard metalliosilla<br \/>\nKokonaispituus 1147 mm (1165 mm scabardilla)<br \/>\nTer\u00e4n pituus 90 mm<br \/>\nPaino 1145 g (1515 g scabardilla)<\/p>\n<p>Tyls\u00e4 eik\u00e4 teroitettu ter\u00e4, vain koristeellisiin tarkoituksiin<\/p>\n","protected":false},"featured_media":138869,"template":"","meta":{"_acf_changed":false},"product_brand":[],"product_cat":[1309,266],"product_tag":[],"class_list":{"0":"post-140632","1":"product","2":"type-product","3":"status-publish","4":"has-post-thumbnail","6":"product_cat-miekat","7":"product_cat-muut-viritys-ja-varaosat","9":"first","10":"instock","11":"purchasable","12":"product-type-simple"},"acf":[],"_links":{"self":[{"href":"https:\/\/kingarms.ee\/fi\/wp-json\/wp\/v2\/product\/140632","targetHints":{"allow":["GET"]}}],"collection":[{"href":"https:\/\/kingarms.ee\/fi\/wp-json\/wp\/v2\/product"}],"about":[{"href":"https:\/\/kingarms.ee\/fi\/wp-json\/wp\/v2\/types\/product"}],"wp:featuredmedia":[{"embeddable":true,"href":"https:\/\/kingarms.ee\/fi\/wp-json\/wp\/v2\/media\/138869"}],"wp:attachment":[{"href":"https:\/\/kingarms.ee\/fi\/wp-json\/wp\/v2\/media?parent=140632"}],"wp:term":[{"taxonomy":"product_brand","embeddable":true,"href":"https:\/\/kingarms.ee\/fi\/wp-json\/wp\/v2\/product_brand?post=140632"},{"taxonomy":"product_cat","embeddable":true,"href":"https:\/\/kingarms.ee\/fi\/wp-json\/wp\/v2\/product_cat?post=140632"},{"taxonomy":"product_tag","embeddable":true,"href":"https:\/\/kingarms.ee\/fi\/wp-json\/wp\/v2\/product_tag?post=140632"}],"curies":[{"name":"wp","href":"https:\/\/api.w.org\/{rel}","templated":true}]}}