{"id":140644,"date":"2024-12-06T16:39:23","date_gmt":"2024-12-07T11:54:10","guid":{"rendered":"https:\/\/kingarms.ee\/product\/koristeellinen-fantasiamiekka-zs561\/"},"modified":"2025-02-08T17:15:30","modified_gmt":"2025-02-08T14:15:30","slug":"koriste-fantasia-sword-zs561","status":"publish","type":"product","link":"https:\/\/kingarms.ee\/fi\/product\/koriste-fantasia-sword-zs561\/","title":{"rendered":"Koristeellinen fantasiamiekka (ZS561)"},"content":{"rendered":"<p>Koristeellinen fantasiamiekka (ZS561)<\/p>\n<p>Koristeellinen fantasiamiekka<br \/>\nKiriton tumman torjuntamiekan innoittamana<br \/>\nMiekkataide online -sarja<br \/>\nKeinot<br \/>\nTer\u00e4ster\u00e4 sininen<br \/>\nYleinen pituus 1090 mm<br \/>\nTer\u00e4n pituus 850 mm<br \/>\nPaino 1530 g (1690 g vaipan kanssa)<\/p>\n<p>Koristiminen miekka, ei teroitettu eik\u00e4 ter\u00e4v\u00e4 ter\u00e4<\/p>\n","protected":false},"excerpt":{"rendered":"<p>Koristeellinen fantasiamiekka (ZS561)<\/p>\n<p>Koristeellinen fantasiamiekka<br \/>\nKiriton tumman torjuntamiekan innoittamana<br \/>\nMiekkataide online -sarja<br \/>\nKeinot<br \/>\nTer\u00e4ster\u00e4 sininen<br \/>\nYleinen pituus 1090 mm<br \/>\nTer\u00e4n pituus 850 mm<br \/>\nPaino 1530 g (1690 g vaipan kanssa)<\/p>\n<p>Koristiminen miekka, ei teroitettu eik\u00e4 ter\u00e4v\u00e4 ter\u00e4<\/p>\n","protected":false},"featured_media":139439,"template":"","meta":{"_acf_changed":false},"product_brand":[],"product_cat":[1309,266],"product_tag":[],"class_list":{"0":"post-140644","1":"product","2":"type-product","3":"status-publish","4":"has-post-thumbnail","6":"product_cat-miekat","7":"product_cat-muut-viritys-ja-varaosat","9":"first","10":"instock","11":"purchasable","12":"product-type-simple"},"acf":[],"_links":{"self":[{"href":"https:\/\/kingarms.ee\/fi\/wp-json\/wp\/v2\/product\/140644","targetHints":{"allow":["GET"]}}],"collection":[{"href":"https:\/\/kingarms.ee\/fi\/wp-json\/wp\/v2\/product"}],"about":[{"href":"https:\/\/kingarms.ee\/fi\/wp-json\/wp\/v2\/types\/product"}],"wp:featuredmedia":[{"embeddable":true,"href":"https:\/\/kingarms.ee\/fi\/wp-json\/wp\/v2\/media\/139439"}],"wp:attachment":[{"href":"https:\/\/kingarms.ee\/fi\/wp-json\/wp\/v2\/media?parent=140644"}],"wp:term":[{"taxonomy":"product_brand","embeddable":true,"href":"https:\/\/kingarms.ee\/fi\/wp-json\/wp\/v2\/product_brand?post=140644"},{"taxonomy":"product_cat","embeddable":true,"href":"https:\/\/kingarms.ee\/fi\/wp-json\/wp\/v2\/product_cat?post=140644"},{"taxonomy":"product_tag","embeddable":true,"href":"https:\/\/kingarms.ee\/fi\/wp-json\/wp\/v2\/product_tag?post=140644"}],"curies":[{"name":"wp","href":"https:\/\/api.w.org\/{rel}","templated":true}]}}