{"id":140647,"date":"2024-12-06T16:39:05","date_gmt":"2024-12-07T12:20:14","guid":{"rendered":"https:\/\/kingarms.ee\/product\/koristeellinen-fantasia-bamboo-sword-zs678-7-wood\/"},"modified":"2025-02-08T17:15:30","modified_gmt":"2025-02-08T14:15:30","slug":"koriste-fantasia-bambu-sword-zs678-7-wood","status":"publish","type":"product","link":"https:\/\/kingarms.ee\/fi\/product\/koriste-fantasia-bambu-sword-zs678-7-wood\/","title":{"rendered":"Koristeellinen fantasia Bamboo Sword (ZS678-7-Wood)"},"content":{"rendered":"<p>Koristeellinen fantasia Bamboo Sword (ZS678-7-Wood)<\/p>\n<p>Koristeellinen fantasiamiekka<br \/>\nTengen Uzuin miekan innoittamana<br \/>\nAnime -sarjan demoni Slayer: kimetsu no yaiba<br \/>\nBambu ter\u00e4 ja kahva<br \/>\nMuovinen vartija, nuppi ja ketju<br \/>\nLetherette -scabbard<br \/>\nTer\u00e4n pituus 550 mm<br \/>\nYleinen pituus 830 mm<br \/>\nKokonaispaino 425 g (620 g scabardilla)<\/p>\n<p>Tyls\u00e4 eik\u00e4 teroitettu ter\u00e4, vain koristeellisiin tarkoituksiin<\/p>\n","protected":false},"excerpt":{"rendered":"<p>Koristeellinen fantasia Bamboo Sword (ZS678-7-Wood)<\/p>\n<p>Koristeellinen fantasiamiekka<br \/>\nTengen Uzuin miekan innoittamana<br \/>\nAnime -sarjan demoni Slayer: kimetsu no yaiba<br \/>\nBambu ter\u00e4 ja kahva<br \/>\nMuovinen vartija, nuppi ja ketju<br \/>\nLetherette -scabbard<br \/>\nTer\u00e4n pituus 550 mm<br \/>\nYleinen pituus 830 mm<br \/>\nKokonaispaino 425 g (620 g scabardilla)<\/p>\n<p>Tyls\u00e4 eik\u00e4 teroitettu ter\u00e4, vain koristeellisiin tarkoituksiin<\/p>\n","protected":false},"featured_media":139619,"template":"","meta":{"_acf_changed":false},"product_brand":[],"product_cat":[1309,266],"product_tag":[],"class_list":{"0":"post-140647","1":"product","2":"type-product","3":"status-publish","4":"has-post-thumbnail","6":"product_cat-miekat","7":"product_cat-muut-viritys-ja-varaosat","9":"first","10":"instock","11":"purchasable","12":"product-type-simple"},"acf":[],"_links":{"self":[{"href":"https:\/\/kingarms.ee\/fi\/wp-json\/wp\/v2\/product\/140647","targetHints":{"allow":["GET"]}}],"collection":[{"href":"https:\/\/kingarms.ee\/fi\/wp-json\/wp\/v2\/product"}],"about":[{"href":"https:\/\/kingarms.ee\/fi\/wp-json\/wp\/v2\/types\/product"}],"wp:featuredmedia":[{"embeddable":true,"href":"https:\/\/kingarms.ee\/fi\/wp-json\/wp\/v2\/media\/139619"}],"wp:attachment":[{"href":"https:\/\/kingarms.ee\/fi\/wp-json\/wp\/v2\/media?parent=140647"}],"wp:term":[{"taxonomy":"product_brand","embeddable":true,"href":"https:\/\/kingarms.ee\/fi\/wp-json\/wp\/v2\/product_brand?post=140647"},{"taxonomy":"product_cat","embeddable":true,"href":"https:\/\/kingarms.ee\/fi\/wp-json\/wp\/v2\/product_cat?post=140647"},{"taxonomy":"product_tag","embeddable":true,"href":"https:\/\/kingarms.ee\/fi\/wp-json\/wp\/v2\/product_tag?post=140647"}],"curies":[{"name":"wp","href":"https:\/\/api.w.org\/{rel}","templated":true}]}}