{"id":140655,"date":"2024-12-06T16:39:05","date_gmt":"2024-12-07T12:20:22","guid":{"rendered":"https:\/\/kingarms.ee\/product\/koristeellinen-fantasiamiekka-zs645\/"},"modified":"2025-02-08T17:15:33","modified_gmt":"2025-02-08T14:15:33","slug":"koriste-fantasia-sword-zs645","status":"publish","type":"product","link":"https:\/\/kingarms.ee\/fi\/product\/koriste-fantasia-sword-zs645\/","title":{"rendered":"Koristeellinen fantasiamiekka (ZS645)"},"content":{"rendered":"<p>Koristeellinen fantasiamiekka (ZS645)<\/p>\n<p>Koristeellinen fantasiamiekka<br \/>\nWei Wuxianin miekan innoittamana<br \/>\nFantasy -sarja: Mo Dao Zu Shi (demonisen viljelyn iso\u00e4iti)<br \/>\nRuostumattomasta ter\u00e4ksest\u00e4 valmistettu ter\u00e4<br \/>\nMetalliharja ja pommel<br \/>\nPuinen scabbard ja ote<br \/>\nKokonaispituus 1060 mm (1100 mm scabardilla)<br \/>\nTer\u00e4n pituus 770 mm<br \/>\nPaino 970 g (1360 g scabardilla)<\/p>\n<p>Tyls\u00e4 eik\u00e4 teroitettu ter\u00e4, vain koristeellisiin tarkoituksiin<br \/>\nTarkista maasi asetus ennen ostamista<\/p>\n","protected":false},"excerpt":{"rendered":"<p>Koristeellinen fantasiamiekka (ZS645)<\/p>\n<p>Koristeellinen fantasiamiekka<br \/>\nWei Wuxianin miekan innoittamana<br \/>\nFantasy -sarja: Mo Dao Zu Shi (demonisen viljelyn iso\u00e4iti)<br \/>\nRuostumattomasta ter\u00e4ksest\u00e4 valmistettu ter\u00e4<br \/>\nMetalliharja ja pommel<br \/>\nPuinen scabbard ja ote<br \/>\nKokonaispituus 1060 mm (1100 mm scabardilla)<br \/>\nTer\u00e4n pituus 770 mm<br \/>\nPaino 970 g (1360 g scabardilla)<\/p>\n<p>Tyls\u00e4 eik\u00e4 teroitettu ter\u00e4, vain koristeellisiin tarkoituksiin<br \/>\nTarkista maasi asetus ennen ostamista<\/p>\n","protected":false},"featured_media":139553,"template":"","meta":{"_acf_changed":false},"product_brand":[],"product_cat":[1309,266],"product_tag":[],"class_list":{"0":"post-140655","1":"product","2":"type-product","3":"status-publish","4":"has-post-thumbnail","6":"product_cat-miekat","7":"product_cat-muut-viritys-ja-varaosat","9":"first","10":"instock","11":"purchasable","12":"product-type-simple"},"acf":[],"_links":{"self":[{"href":"https:\/\/kingarms.ee\/fi\/wp-json\/wp\/v2\/product\/140655","targetHints":{"allow":["GET"]}}],"collection":[{"href":"https:\/\/kingarms.ee\/fi\/wp-json\/wp\/v2\/product"}],"about":[{"href":"https:\/\/kingarms.ee\/fi\/wp-json\/wp\/v2\/types\/product"}],"wp:featuredmedia":[{"embeddable":true,"href":"https:\/\/kingarms.ee\/fi\/wp-json\/wp\/v2\/media\/139553"}],"wp:attachment":[{"href":"https:\/\/kingarms.ee\/fi\/wp-json\/wp\/v2\/media?parent=140655"}],"wp:term":[{"taxonomy":"product_brand","embeddable":true,"href":"https:\/\/kingarms.ee\/fi\/wp-json\/wp\/v2\/product_brand?post=140655"},{"taxonomy":"product_cat","embeddable":true,"href":"https:\/\/kingarms.ee\/fi\/wp-json\/wp\/v2\/product_cat?post=140655"},{"taxonomy":"product_tag","embeddable":true,"href":"https:\/\/kingarms.ee\/fi\/wp-json\/wp\/v2\/product_tag?post=140655"}],"curies":[{"name":"wp","href":"https:\/\/api.w.org\/{rel}","templated":true}]}}