{"id":140680,"date":"2024-12-06T16:39:05","date_gmt":"2024-12-07T13:05:55","guid":{"rendered":"https:\/\/kingarms.ee\/product\/koristeellinen-miekka-zs097\/"},"modified":"2025-02-08T17:15:35","modified_gmt":"2025-02-08T14:15:35","slug":"koriste-sword-zs097","status":"publish","type":"product","link":"https:\/\/kingarms.ee\/fi\/product\/koriste-sword-zs097\/","title":{"rendered":"Koristeellinen miekka (ZS097)"},"content":{"rendered":"<p>Koristeellinen miekka (ZS097)<\/p>\n<p>Koristeellut miekka<br \/>\nJ\u00e4ttil\u00e4isen Jawbladen innoittamana<br \/>\nMonster Hunter World Series<br \/>\nKokonaan hartsista<br \/>\nTer\u00e4n pituus 900 mm<br \/>\nYleinen pituus 1420 mm<br \/>\nPaino 4565 g<\/p>\n<p>Ei teroitettu ja tyls\u00e4 ter\u00e4\u00e4, vain koristeellisiin tarkoituksiin<\/p>\n","protected":false},"excerpt":{"rendered":"<p>Koristeellinen miekka (ZS097)<\/p>\n<p>Koristeellut miekka<br \/>\nJ\u00e4ttil\u00e4isen Jawbladen innoittamana<br \/>\nMonster Hunter World Series<br \/>\nKokonaan hartsista<br \/>\nTer\u00e4n pituus 900 mm<br \/>\nYleinen pituus 1420 mm<br \/>\nPaino 4565 g<\/p>\n<p>Ei teroitettu ja tyls\u00e4 ter\u00e4\u00e4, vain koristeellisiin tarkoituksiin<\/p>\n","protected":false},"featured_media":139145,"template":"","meta":{"_acf_changed":false},"product_brand":[],"product_cat":[1309,266],"product_tag":[],"class_list":{"0":"post-140680","1":"product","2":"type-product","3":"status-publish","4":"has-post-thumbnail","6":"product_cat-miekat","7":"product_cat-muut-viritys-ja-varaosat","9":"first","10":"instock","11":"purchasable","12":"product-type-simple"},"acf":[],"_links":{"self":[{"href":"https:\/\/kingarms.ee\/fi\/wp-json\/wp\/v2\/product\/140680","targetHints":{"allow":["GET"]}}],"collection":[{"href":"https:\/\/kingarms.ee\/fi\/wp-json\/wp\/v2\/product"}],"about":[{"href":"https:\/\/kingarms.ee\/fi\/wp-json\/wp\/v2\/types\/product"}],"wp:featuredmedia":[{"embeddable":true,"href":"https:\/\/kingarms.ee\/fi\/wp-json\/wp\/v2\/media\/139145"}],"wp:attachment":[{"href":"https:\/\/kingarms.ee\/fi\/wp-json\/wp\/v2\/media?parent=140680"}],"wp:term":[{"taxonomy":"product_brand","embeddable":true,"href":"https:\/\/kingarms.ee\/fi\/wp-json\/wp\/v2\/product_brand?post=140680"},{"taxonomy":"product_cat","embeddable":true,"href":"https:\/\/kingarms.ee\/fi\/wp-json\/wp\/v2\/product_cat?post=140680"},{"taxonomy":"product_tag","embeddable":true,"href":"https:\/\/kingarms.ee\/fi\/wp-json\/wp\/v2\/product_tag?post=140680"}],"curies":[{"name":"wp","href":"https:\/\/api.w.org\/{rel}","templated":true}]}}