{"id":140691,"date":"2024-12-06T16:39:05","date_gmt":"2024-12-07T13:27:17","guid":{"rendered":"https:\/\/kingarms.ee\/product\/koristeiden-tikarit-zs147\/"},"modified":"2025-02-08T17:15:36","modified_gmt":"2025-02-08T14:15:36","slug":"koriste-daggers-zs147","status":"publish","type":"product","link":"https:\/\/kingarms.ee\/fi\/product\/koriste-daggers-zs147\/","title":{"rendered":"Koristeiden tikarit (ZS147)"},"content":{"rendered":"<p>Koristeiden tikarit (ZS147)<\/p>\n<p>Koristeet<br \/>\nKratosin kaaoksen ter\u00e4n innoittamana<br \/>\nGod of War -sarja<br \/>\nTer\u00e4ster\u00e4<br \/>\nMetallikahva<br \/>\nMukana puinen sein\u00e4teline<br \/>\nTer\u00e4n pituus 280 mm<br \/>\nKokonaispituus 440 mm<br \/>\nKokonaispaino 2335 g<\/p>\n<p>Ei teroitettu ja tyls\u00e4 ter\u00e4\u00e4, vain koristeellisiin tarkoituksiin<\/p>\n","protected":false},"excerpt":{"rendered":"<p>Koristeiden tikarit (ZS147)<\/p>\n<p>Koristeet<br \/>\nKratosin kaaoksen ter\u00e4n innoittamana<br \/>\nGod of War -sarja<br \/>\nTer\u00e4ster\u00e4<br \/>\nMetallikahva<br \/>\nMukana puinen sein\u00e4teline<br \/>\nTer\u00e4n pituus 280 mm<br \/>\nKokonaispituus 440 mm<br \/>\nKokonaispaino 2335 g<\/p>\n<p>Ei teroitettu ja tyls\u00e4 ter\u00e4\u00e4, vain koristeellisiin tarkoituksiin<\/p>\n","protected":false},"featured_media":139259,"template":"","meta":{"_acf_changed":false},"product_brand":[],"product_cat":[1309,266],"product_tag":[],"class_list":{"0":"post-140691","1":"product","2":"type-product","3":"status-publish","4":"has-post-thumbnail","6":"product_cat-miekat","7":"product_cat-muut-viritys-ja-varaosat","9":"first","10":"instock","11":"purchasable","12":"product-type-simple"},"acf":[],"_links":{"self":[{"href":"https:\/\/kingarms.ee\/fi\/wp-json\/wp\/v2\/product\/140691","targetHints":{"allow":["GET"]}}],"collection":[{"href":"https:\/\/kingarms.ee\/fi\/wp-json\/wp\/v2\/product"}],"about":[{"href":"https:\/\/kingarms.ee\/fi\/wp-json\/wp\/v2\/types\/product"}],"wp:featuredmedia":[{"embeddable":true,"href":"https:\/\/kingarms.ee\/fi\/wp-json\/wp\/v2\/media\/139259"}],"wp:attachment":[{"href":"https:\/\/kingarms.ee\/fi\/wp-json\/wp\/v2\/media?parent=140691"}],"wp:term":[{"taxonomy":"product_brand","embeddable":true,"href":"https:\/\/kingarms.ee\/fi\/wp-json\/wp\/v2\/product_brand?post=140691"},{"taxonomy":"product_cat","embeddable":true,"href":"https:\/\/kingarms.ee\/fi\/wp-json\/wp\/v2\/product_cat?post=140691"},{"taxonomy":"product_tag","embeddable":true,"href":"https:\/\/kingarms.ee\/fi\/wp-json\/wp\/v2\/product_tag?post=140691"}],"curies":[{"name":"wp","href":"https:\/\/api.w.org\/{rel}","templated":true}]}}