{"id":140721,"date":"2024-12-06T16:39:05","date_gmt":"2024-12-07T13:33:47","guid":{"rendered":"https:\/\/kingarms.ee\/product\/koristeinen-miekka-zs094\/"},"modified":"2025-02-08T17:15:38","modified_gmt":"2025-02-08T14:15:38","slug":"koriste-sword-zs094","status":"publish","type":"product","link":"https:\/\/kingarms.ee\/fi\/product\/koriste-sword-zs094\/","title":{"rendered":"Koristeinen miekka (ZS094)"},"content":{"rendered":"<p>Koristeinen miekka (ZS094)<\/p>\n<p>Koristeellut miekka<br \/>\nMultiblade Buster -miekan innoittamana<br \/>\nFinal Fantasy -sarja<br \/>\nMiekka jakautuu 6 &#8220;ter\u00e4\u00e4n&#8221; ilman ty\u00f6kaluja<br \/>\nTer\u00e4ster\u00e4<br \/>\nPuurahva<br \/>\nTer\u00e4n pituus 810 mm<br \/>\nYleinen pituus 1105 mm<br \/>\nPaino 4490 g<\/p>\n<p>Ei teroitettu ja tyls\u00e4 ter\u00e4\u00e4, vain koristeellisiin tarkoituksiin<\/p>\n","protected":false},"excerpt":{"rendered":"<p>Koristeinen miekka (ZS094)<\/p>\n<p>Koristeellut miekka<br \/>\nMultiblade Buster -miekan innoittamana<br \/>\nFinal Fantasy -sarja<br \/>\nMiekka jakautuu 6 &#8220;ter\u00e4\u00e4n&#8221; ilman ty\u00f6kaluja<br \/>\nTer\u00e4ster\u00e4<br \/>\nPuurahva<br \/>\nTer\u00e4n pituus 810 mm<br \/>\nYleinen pituus 1105 mm<br \/>\nPaino 4490 g<\/p>\n<p>Ei teroitettu ja tyls\u00e4 ter\u00e4\u00e4, vain koristeellisiin tarkoituksiin<\/p>\n","protected":false},"featured_media":139127,"template":"","meta":{"_acf_changed":false},"product_brand":[],"product_cat":[1309,266],"product_tag":[],"class_list":{"0":"post-140721","1":"product","2":"type-product","3":"status-publish","4":"has-post-thumbnail","6":"product_cat-miekat","7":"product_cat-muut-viritys-ja-varaosat","9":"first","10":"instock","11":"purchasable","12":"product-type-simple"},"acf":[],"_links":{"self":[{"href":"https:\/\/kingarms.ee\/fi\/wp-json\/wp\/v2\/product\/140721","targetHints":{"allow":["GET"]}}],"collection":[{"href":"https:\/\/kingarms.ee\/fi\/wp-json\/wp\/v2\/product"}],"about":[{"href":"https:\/\/kingarms.ee\/fi\/wp-json\/wp\/v2\/types\/product"}],"wp:featuredmedia":[{"embeddable":true,"href":"https:\/\/kingarms.ee\/fi\/wp-json\/wp\/v2\/media\/139127"}],"wp:attachment":[{"href":"https:\/\/kingarms.ee\/fi\/wp-json\/wp\/v2\/media?parent=140721"}],"wp:term":[{"taxonomy":"product_brand","embeddable":true,"href":"https:\/\/kingarms.ee\/fi\/wp-json\/wp\/v2\/product_brand?post=140721"},{"taxonomy":"product_cat","embeddable":true,"href":"https:\/\/kingarms.ee\/fi\/wp-json\/wp\/v2\/product_cat?post=140721"},{"taxonomy":"product_tag","embeddable":true,"href":"https:\/\/kingarms.ee\/fi\/wp-json\/wp\/v2\/product_tag?post=140721"}],"curies":[{"name":"wp","href":"https:\/\/api.w.org\/{rel}","templated":true}]}}