{"id":140764,"date":"2024-12-06T16:38:47","date_gmt":"2024-12-07T15:08:27","guid":{"rendered":"https:\/\/kingarms.ee\/product\/koristeellinen-keskiaika-tikari-zs3240\/"},"modified":"2025-02-08T17:15:41","modified_gmt":"2025-02-08T14:15:41","slug":"koriste-keski-ikaiset-dagger-zs3240","status":"publish","type":"product","link":"https:\/\/kingarms.ee\/fi\/product\/koriste-keski-ikaiset-dagger-zs3240\/","title":{"rendered":"Koristeellinen keskiaika tikari (ZS3240)"},"content":{"rendered":"<p>Koristeellinen keskiaika tikari (ZS3240)<\/p>\n<p>Koristeellinen keskiaika tikari<br \/>\nTer\u00e4ster\u00e4<br \/>\nMuovi- ja metallikahti ja scabard<br \/>\nTarttu alemmalla j\u00e4ljitelm\u00e4ll\u00e4 vihre\u00e4 kivi<br \/>\nTer\u00e4n pituus 240 mm<br \/>\nYleinen pituus 360 mm<br \/>\nPaino 190 g (250 g scabardilla)<\/p>\n<p>Ei teroitettu ja tyls\u00e4 ter\u00e4\u00e4, vain koristeellisiin tarkoituksiin<br \/>\nOle hyv\u00e4 ja maasi asetus ennen ostamista<\/p>\n","protected":false},"excerpt":{"rendered":"<p>Koristeellinen keskiaika tikari (ZS3240)<\/p>\n<p>Koristeellinen keskiaika tikari<br \/>\nTer\u00e4ster\u00e4<br \/>\nMuovi- ja metallikahti ja scabard<br \/>\nTarttu alemmalla j\u00e4ljitelm\u00e4ll\u00e4 vihre\u00e4 kivi<br \/>\nTer\u00e4n pituus 240 mm<br \/>\nYleinen pituus 360 mm<br \/>\nPaino 190 g (250 g scabardilla)<\/p>\n<p>Ei teroitettu ja tyls\u00e4 ter\u00e4\u00e4, vain koristeellisiin tarkoituksiin<br \/>\nOle hyv\u00e4 ja maasi asetus ennen ostamista<\/p>\n","protected":false},"featured_media":139775,"template":"","meta":{"_acf_changed":false},"product_brand":[],"product_cat":[1309,266],"product_tag":[],"class_list":{"0":"post-140764","1":"product","2":"type-product","3":"status-publish","4":"has-post-thumbnail","6":"product_cat-miekat","7":"product_cat-muut-viritys-ja-varaosat","9":"first","10":"instock","11":"purchasable","12":"product-type-simple"},"acf":[],"_links":{"self":[{"href":"https:\/\/kingarms.ee\/fi\/wp-json\/wp\/v2\/product\/140764","targetHints":{"allow":["GET"]}}],"collection":[{"href":"https:\/\/kingarms.ee\/fi\/wp-json\/wp\/v2\/product"}],"about":[{"href":"https:\/\/kingarms.ee\/fi\/wp-json\/wp\/v2\/types\/product"}],"wp:featuredmedia":[{"embeddable":true,"href":"https:\/\/kingarms.ee\/fi\/wp-json\/wp\/v2\/media\/139775"}],"wp:attachment":[{"href":"https:\/\/kingarms.ee\/fi\/wp-json\/wp\/v2\/media?parent=140764"}],"wp:term":[{"taxonomy":"product_brand","embeddable":true,"href":"https:\/\/kingarms.ee\/fi\/wp-json\/wp\/v2\/product_brand?post=140764"},{"taxonomy":"product_cat","embeddable":true,"href":"https:\/\/kingarms.ee\/fi\/wp-json\/wp\/v2\/product_cat?post=140764"},{"taxonomy":"product_tag","embeddable":true,"href":"https:\/\/kingarms.ee\/fi\/wp-json\/wp\/v2\/product_tag?post=140764"}],"curies":[{"name":"wp","href":"https:\/\/api.w.org\/{rel}","templated":true}]}}