{"id":140773,"date":"2024-12-06T16:38:47","date_gmt":"2024-12-07T15:11:35","guid":{"rendered":"https:\/\/kingarms.ee\/product\/koriste-keskiajan-miekka-zs927\/"},"modified":"2025-02-08T17:15:42","modified_gmt":"2025-02-08T14:15:42","slug":"ornamental-middle-ages-sword-zs927","status":"publish","type":"product","link":"https:\/\/kingarms.ee\/fi\/product\/ornamental-middle-ages-sword-zs927\/","title":{"rendered":"Koriste -keskiajan miekka (ZS927)"},"content":{"rendered":"<p>Koriste -keskiajan miekka (ZS927)<\/p>\n<p>Koristeellinen keskiajan miekka<br \/>\nTer\u00e4ster\u00e4<br \/>\nMuovik\u00e4sittely<br \/>\nSein\u00e4 ripustettava puinen jalusta<br \/>\nTer\u00e4n pituus 410 mm<br \/>\nKokonaispituus 600 mm<br \/>\nPaino 890 g<\/p>\n<p>Ei teroitettu ja tyls\u00e4 ter\u00e4\u00e4, vain koristeellisiin tarkoituksiin<br \/>\nOle hyv\u00e4 ja maasi asetus ennen ostamista<\/p>\n","protected":false},"excerpt":{"rendered":"<p>Koriste -keskiajan miekka (ZS927)<\/p>\n<p>Koristeellinen keskiajan miekka<br \/>\nTer\u00e4ster\u00e4<br \/>\nMuovik\u00e4sittely<br \/>\nSein\u00e4 ripustettava puinen jalusta<br \/>\nTer\u00e4n pituus 410 mm<br \/>\nKokonaispituus 600 mm<br \/>\nPaino 890 g<\/p>\n<p>Ei teroitettu ja tyls\u00e4 ter\u00e4\u00e4, vain koristeellisiin tarkoituksiin<br \/>\nOle hyv\u00e4 ja maasi asetus ennen ostamista<\/p>\n","protected":false},"featured_media":139703,"template":"","meta":{"_acf_changed":false},"product_brand":[],"product_cat":[1309,266],"product_tag":[],"class_list":{"0":"post-140773","1":"product","2":"type-product","3":"status-publish","4":"has-post-thumbnail","6":"product_cat-miekat","7":"product_cat-muut-viritys-ja-varaosat","9":"first","10":"instock","11":"purchasable","12":"product-type-simple"},"acf":[],"_links":{"self":[{"href":"https:\/\/kingarms.ee\/fi\/wp-json\/wp\/v2\/product\/140773","targetHints":{"allow":["GET"]}}],"collection":[{"href":"https:\/\/kingarms.ee\/fi\/wp-json\/wp\/v2\/product"}],"about":[{"href":"https:\/\/kingarms.ee\/fi\/wp-json\/wp\/v2\/types\/product"}],"wp:featuredmedia":[{"embeddable":true,"href":"https:\/\/kingarms.ee\/fi\/wp-json\/wp\/v2\/media\/139703"}],"wp:attachment":[{"href":"https:\/\/kingarms.ee\/fi\/wp-json\/wp\/v2\/media?parent=140773"}],"wp:term":[{"taxonomy":"product_brand","embeddable":true,"href":"https:\/\/kingarms.ee\/fi\/wp-json\/wp\/v2\/product_brand?post=140773"},{"taxonomy":"product_cat","embeddable":true,"href":"https:\/\/kingarms.ee\/fi\/wp-json\/wp\/v2\/product_cat?post=140773"},{"taxonomy":"product_tag","embeddable":true,"href":"https:\/\/kingarms.ee\/fi\/wp-json\/wp\/v2\/product_tag?post=140773"}],"curies":[{"name":"wp","href":"https:\/\/api.w.org\/{rel}","templated":true}]}}