{"id":140798,"date":"2024-12-06T16:38:47","date_gmt":"2024-12-07T16:02:36","guid":{"rendered":"https:\/\/kingarms.ee\/product\/koristeellisempi-temppelimaa-by-083c\/"},"modified":"2025-02-08T17:15:44","modified_gmt":"2025-02-08T14:15:44","slug":"koriste-t-templar-sword-by-083c","status":"publish","type":"product","link":"https:\/\/kingarms.ee\/fi\/product\/koriste-t-templar-sword-by-083c\/","title":{"rendered":"Koristeellisempi temppelimaa (BY-083C)"},"content":{"rendered":"<p>Koristeellisempi temppelimaa (BY-083C)<\/p>\n<p>Koristeellinen temppeli miekka<br \/>\nTer\u00e4ster\u00e4 ja kahva<br \/>\nYleinen pituus 1190 mm<br \/>\nTer\u00e4n pituus 885 mm<br \/>\nPaino 1900 g<br \/>\nMukana puinen sein\u00e4teline<\/p>\n<p>Ei teroitettu ja tyls\u00e4 ter\u00e4\u00e4, vain koristeellisiin tarkoituksiin<br \/>\nTarkista maasi asetus ennen ostamista<\/p>\n","protected":false},"excerpt":{"rendered":"<p>Koristeellisempi temppelimaa (BY-083C)<\/p>\n<p>Koristeellinen temppeli miekka<br \/>\nTer\u00e4ster\u00e4 ja kahva<br \/>\nYleinen pituus 1190 mm<br \/>\nTer\u00e4n pituus 885 mm<br \/>\nPaino 1900 g<br \/>\nMukana puinen sein\u00e4teline<\/p>\n<p>Ei teroitettu ja tyls\u00e4 ter\u00e4\u00e4, vain koristeellisiin tarkoituksiin<br \/>\nTarkista maasi asetus ennen ostamista<\/p>\n","protected":false},"featured_media":138887,"template":"","meta":{"_acf_changed":false},"product_brand":[],"product_cat":[1309,266],"product_tag":[],"class_list":{"0":"post-140798","1":"product","2":"type-product","3":"status-publish","4":"has-post-thumbnail","6":"product_cat-miekat","7":"product_cat-muut-viritys-ja-varaosat","9":"first","10":"instock","11":"purchasable","12":"product-type-simple"},"acf":[],"_links":{"self":[{"href":"https:\/\/kingarms.ee\/fi\/wp-json\/wp\/v2\/product\/140798","targetHints":{"allow":["GET"]}}],"collection":[{"href":"https:\/\/kingarms.ee\/fi\/wp-json\/wp\/v2\/product"}],"about":[{"href":"https:\/\/kingarms.ee\/fi\/wp-json\/wp\/v2\/types\/product"}],"wp:featuredmedia":[{"embeddable":true,"href":"https:\/\/kingarms.ee\/fi\/wp-json\/wp\/v2\/media\/138887"}],"wp:attachment":[{"href":"https:\/\/kingarms.ee\/fi\/wp-json\/wp\/v2\/media?parent=140798"}],"wp:term":[{"taxonomy":"product_brand","embeddable":true,"href":"https:\/\/kingarms.ee\/fi\/wp-json\/wp\/v2\/product_brand?post=140798"},{"taxonomy":"product_cat","embeddable":true,"href":"https:\/\/kingarms.ee\/fi\/wp-json\/wp\/v2\/product_cat?post=140798"},{"taxonomy":"product_tag","embeddable":true,"href":"https:\/\/kingarms.ee\/fi\/wp-json\/wp\/v2\/product_tag?post=140798"}],"curies":[{"name":"wp","href":"https:\/\/api.w.org\/{rel}","templated":true}]}}