{"id":140826,"date":"2024-12-06T16:38:47","date_gmt":"2024-12-07T16:04:43","guid":{"rendered":"https:\/\/kingarms.ee\/product\/ornametal-fantasy-sword-zs9440\/"},"modified":"2025-02-08T17:15:49","modified_gmt":"2025-02-08T14:15:49","slug":"ornametal-fantasy-sword-zs9440","status":"publish","type":"product","link":"https:\/\/kingarms.ee\/fi\/product\/ornametal-fantasy-sword-zs9440\/","title":{"rendered":"Ornametal Fantasy Sword (ZS9440)"},"content":{"rendered":"<p>Ornametal Fantasy Sword (ZS9440)<\/p>\n<p>Koristeellinen fantasiamiekka<br \/>\nKisuke Uraharan Benihime -miekan innoittamana<br \/>\nValkaisuaine -anime -sarja<br \/>\nMetalli tsuba<br \/>\nPuukahva ja vaippa<br \/>\nKaiken kaikkiaan lenght 1030 mm (1110 mm vaipan kanssa)<br \/>\nLenght Blade 730mm<br \/>\nPaino 890 g (1135 g vaipan kanssa)<\/p>\n<p>Ei teroitettu ja tyls\u00e4 ter\u00e4\u00e4, vain koristeellisiin tarkoituksiin<br \/>\nTarkista maasi asetus ennen ostamista<\/p>\n","protected":false},"excerpt":{"rendered":"<p>Ornametal Fantasy Sword (ZS9440)<\/p>\n<p>Koristeellinen fantasiamiekka<br \/>\nKisuke Uraharan Benihime -miekan innoittamana<br \/>\nValkaisuaine -anime -sarja<br \/>\nMetalli tsuba<br \/>\nPuukahva ja vaippa<br \/>\nKaiken kaikkiaan lenght 1030 mm (1110 mm vaipan kanssa)<br \/>\nLenght Blade 730mm<br \/>\nPaino 890 g (1135 g vaipan kanssa)<\/p>\n<p>Ei teroitettu ja tyls\u00e4 ter\u00e4\u00e4, vain koristeellisiin tarkoituksiin<br \/>\nTarkista maasi asetus ennen ostamista<\/p>\n","protected":false},"featured_media":140045,"template":"","meta":{"_acf_changed":false},"product_brand":[],"product_cat":[1309,266],"product_tag":[],"class_list":{"0":"post-140826","1":"product","2":"type-product","3":"status-publish","4":"has-post-thumbnail","6":"product_cat-miekat","7":"product_cat-muut-viritys-ja-varaosat","9":"first","10":"instock","11":"purchasable","12":"product-type-simple"},"acf":[],"_links":{"self":[{"href":"https:\/\/kingarms.ee\/fi\/wp-json\/wp\/v2\/product\/140826","targetHints":{"allow":["GET"]}}],"collection":[{"href":"https:\/\/kingarms.ee\/fi\/wp-json\/wp\/v2\/product"}],"about":[{"href":"https:\/\/kingarms.ee\/fi\/wp-json\/wp\/v2\/types\/product"}],"wp:featuredmedia":[{"embeddable":true,"href":"https:\/\/kingarms.ee\/fi\/wp-json\/wp\/v2\/media\/140045"}],"wp:attachment":[{"href":"https:\/\/kingarms.ee\/fi\/wp-json\/wp\/v2\/media?parent=140826"}],"wp:term":[{"taxonomy":"product_brand","embeddable":true,"href":"https:\/\/kingarms.ee\/fi\/wp-json\/wp\/v2\/product_brand?post=140826"},{"taxonomy":"product_cat","embeddable":true,"href":"https:\/\/kingarms.ee\/fi\/wp-json\/wp\/v2\/product_cat?post=140826"},{"taxonomy":"product_tag","embeddable":true,"href":"https:\/\/kingarms.ee\/fi\/wp-json\/wp\/v2\/product_tag?post=140826"}],"curies":[{"name":"wp","href":"https:\/\/api.w.org\/{rel}","templated":true}]}}