{"id":140831,"date":"2024-12-06T16:38:30","date_gmt":"2024-12-07T16:22:32","guid":{"rendered":"https:\/\/kingarms.ee\/product\/koristeellinen-fantasia-tikari-zs8127\/"},"modified":"2025-02-08T17:15:49","modified_gmt":"2025-02-08T14:15:49","slug":"koriste-fantasia-dagger-zs8127","status":"publish","type":"product","link":"https:\/\/kingarms.ee\/fi\/product\/koriste-fantasia-dagger-zs8127\/","title":{"rendered":"Koristeellinen fantasia tikari (ZS8127)"},"content":{"rendered":"<p>Koristeellinen fantasia tikari (ZS8127)<\/p>\n<p>Koristeellinen fantasia tikari<br \/>\nRumplestiltskinin kirjeiden aukkojen innoittamana<br \/>\nKerran aikasarja<br \/>\nMetalliter\u00e4, vartija ja nuppi<br \/>\nMuovikahva<br \/>\nMukana puinen p\u00f6yt\u00e4teline<br \/>\nTer\u00e4n pituus 280 mm<br \/>\nKokonaispituus 410 mm<br \/>\nPaino 500 g<\/p>\n<p>Tyls\u00e4 eik\u00e4 teroitettu ter\u00e4, vain koristeellisiin tarkoituksiin<br \/>\nTarkista maasi asetus ennen ostamista<\/p>\n","protected":false},"excerpt":{"rendered":"<p>Koristeellinen fantasia tikari (ZS8127)<\/p>\n<p>Koristeellinen fantasia tikari<br \/>\nRumplestiltskinin kirjeiden aukkojen innoittamana<br \/>\nKerran aikasarja<br \/>\nMetalliter\u00e4, vartija ja nuppi<br \/>\nMuovikahva<br \/>\nMukana puinen p\u00f6yt\u00e4teline<br \/>\nTer\u00e4n pituus 280 mm<br \/>\nKokonaispituus 410 mm<br \/>\nPaino 500 g<\/p>\n<p>Tyls\u00e4 eik\u00e4 teroitettu ter\u00e4, vain koristeellisiin tarkoituksiin<br \/>\nTarkista maasi asetus ennen ostamista<\/p>\n","protected":false},"featured_media":139913,"template":"","meta":{"_acf_changed":false},"product_brand":[],"product_cat":[1309,266],"product_tag":[],"class_list":{"0":"post-140831","1":"product","2":"type-product","3":"status-publish","4":"has-post-thumbnail","6":"product_cat-miekat","7":"product_cat-muut-viritys-ja-varaosat","9":"first","10":"instock","11":"purchasable","12":"product-type-simple"},"acf":[],"_links":{"self":[{"href":"https:\/\/kingarms.ee\/fi\/wp-json\/wp\/v2\/product\/140831","targetHints":{"allow":["GET"]}}],"collection":[{"href":"https:\/\/kingarms.ee\/fi\/wp-json\/wp\/v2\/product"}],"about":[{"href":"https:\/\/kingarms.ee\/fi\/wp-json\/wp\/v2\/types\/product"}],"wp:featuredmedia":[{"embeddable":true,"href":"https:\/\/kingarms.ee\/fi\/wp-json\/wp\/v2\/media\/139913"}],"wp:attachment":[{"href":"https:\/\/kingarms.ee\/fi\/wp-json\/wp\/v2\/media?parent=140831"}],"wp:term":[{"taxonomy":"product_brand","embeddable":true,"href":"https:\/\/kingarms.ee\/fi\/wp-json\/wp\/v2\/product_brand?post=140831"},{"taxonomy":"product_cat","embeddable":true,"href":"https:\/\/kingarms.ee\/fi\/wp-json\/wp\/v2\/product_cat?post=140831"},{"taxonomy":"product_tag","embeddable":true,"href":"https:\/\/kingarms.ee\/fi\/wp-json\/wp\/v2\/product_tag?post=140831"}],"curies":[{"name":"wp","href":"https:\/\/api.w.org\/{rel}","templated":true}]}}