{"id":140858,"date":"2024-12-06T16:38:30","date_gmt":"2024-12-07T16:54:27","guid":{"rendered":"https:\/\/kingarms.ee\/product\/koristeellinen-fantasia-mini-miekka-zs678-min\/"},"modified":"2025-02-08T17:15:51","modified_gmt":"2025-02-08T14:15:51","slug":"koriste-fantasia-mini-sword-zs678-mii","status":"publish","type":"product","link":"https:\/\/kingarms.ee\/fi\/product\/koriste-fantasia-mini-sword-zs678-mii\/","title":{"rendered":"Koristeellinen fantasia mini miekka (ZS678-min)"},"content":{"rendered":"<p>Koristeellinen fantasia mini miekka (ZS678-min)<\/p>\n<p>Koristeellinen fantasia mini miekka<br \/>\nTengen Uzuin miekan innoittamana<br \/>\nAnime -sarjan demoni Slayer: kimetsu no yaiba<br \/>\nTer\u00e4ster\u00e4<br \/>\nMetallisuoja, nuppi ja ketju<br \/>\nLetherette -scabbard<br \/>\nTer\u00e4n pituus 273 mm<br \/>\nYleinen pituus 420 mm<br \/>\nPaino 300 g (364 g scabardilla)<\/p>\n<p>Tyls\u00e4 eik\u00e4 teroitettu ter\u00e4, vain koristeellisiin tarkoituksiin<br \/>\nTarkista maasi asetus ennen ostamista<\/p>\n","protected":false},"excerpt":{"rendered":"<p>Koristeellinen fantasia mini miekka (ZS678-min)<\/p>\n<p>Koristeellinen fantasia mini miekka<br \/>\nTengen Uzuin miekan innoittamana<br \/>\nAnime -sarjan demoni Slayer: kimetsu no yaiba<br \/>\nTer\u00e4ster\u00e4<br \/>\nMetallisuoja, nuppi ja ketju<br \/>\nLetherette -scabbard<br \/>\nTer\u00e4n pituus 273 mm<br \/>\nYleinen pituus 420 mm<br \/>\nPaino 300 g (364 g scabardilla)<\/p>\n<p>Tyls\u00e4 eik\u00e4 teroitettu ter\u00e4, vain koristeellisiin tarkoituksiin<br \/>\nTarkista maasi asetus ennen ostamista<\/p>\n","protected":false},"featured_media":139625,"template":"","meta":{"_acf_changed":false},"product_brand":[],"product_cat":[1309,266],"product_tag":[],"class_list":{"0":"post-140858","1":"product","2":"type-product","3":"status-publish","4":"has-post-thumbnail","6":"product_cat-miekat","7":"product_cat-muut-viritys-ja-varaosat","9":"first","10":"instock","11":"purchasable","12":"product-type-simple"},"acf":[],"_links":{"self":[{"href":"https:\/\/kingarms.ee\/fi\/wp-json\/wp\/v2\/product\/140858","targetHints":{"allow":["GET"]}}],"collection":[{"href":"https:\/\/kingarms.ee\/fi\/wp-json\/wp\/v2\/product"}],"about":[{"href":"https:\/\/kingarms.ee\/fi\/wp-json\/wp\/v2\/types\/product"}],"wp:featuredmedia":[{"embeddable":true,"href":"https:\/\/kingarms.ee\/fi\/wp-json\/wp\/v2\/media\/139625"}],"wp:attachment":[{"href":"https:\/\/kingarms.ee\/fi\/wp-json\/wp\/v2\/media?parent=140858"}],"wp:term":[{"taxonomy":"product_brand","embeddable":true,"href":"https:\/\/kingarms.ee\/fi\/wp-json\/wp\/v2\/product_brand?post=140858"},{"taxonomy":"product_cat","embeddable":true,"href":"https:\/\/kingarms.ee\/fi\/wp-json\/wp\/v2\/product_cat?post=140858"},{"taxonomy":"product_tag","embeddable":true,"href":"https:\/\/kingarms.ee\/fi\/wp-json\/wp\/v2\/product_tag?post=140858"}],"curies":[{"name":"wp","href":"https:\/\/api.w.org\/{rel}","templated":true}]}}