{"id":140880,"date":"2024-12-06T16:38:30","date_gmt":"2024-12-07T17:22:36","guid":{"rendered":"https:\/\/kingarms.ee\/product\/sck-koriste-tikari-zs211-g\/"},"modified":"2025-02-08T17:15:52","modified_gmt":"2025-02-08T14:15:52","slug":"sck-ornament-tagger-zs211-g","status":"publish","type":"product","link":"https:\/\/kingarms.ee\/fi\/product\/sck-ornament-tagger-zs211-g\/","title":{"rendered":"SCK-koriste-tikari (ZS211-G)"},"content":{"rendered":"<p>SCK-koriste-tikari (ZS211-G)<\/p>\n<p>Koristeellinen tikari<br \/>\nTer\u00e4ster\u00e4 165 mm<br \/>\nMuovikahva<br \/>\nMuovinen scabard<br \/>\nKokonaispituus 265 mm (300 mm scabardilla)<br \/>\nPaino 130 g (210 g scabardilla)<br \/>\nPunainen\/kullanv\u00e4ri<\/p>\n<p>Saatavana my\u00f6s puun\/hopeav\u00e4rin j\u00e4ljittelyss\u00e4<\/p>\n<p>Tyls\u00e4 eik\u00e4 teroitettu ter\u00e4, vain koristeellisiin tarkoituksiin<br \/>\nTarkista maasi asetus ennen ostamista<\/p>\n","protected":false},"excerpt":{"rendered":"<p>SCK-koriste-tikari (ZS211-G)<\/p>\n<p>Koristeellinen tikari<br \/>\nTer\u00e4ster\u00e4 165 mm<br \/>\nMuovikahva<br \/>\nMuovinen scabard<br \/>\nKokonaispituus 265 mm (300 mm scabardilla)<br \/>\nPaino 130 g (210 g scabardilla)<br \/>\nPunainen\/kullanv\u00e4ri<\/p>\n<p>Saatavana my\u00f6s puun\/hopeav\u00e4rin j\u00e4ljittelyss\u00e4<\/p>\n<p>Tyls\u00e4 eik\u00e4 teroitettu ter\u00e4, vain koristeellisiin tarkoituksiin<br \/>\nTarkista maasi asetus ennen ostamista<\/p>\n","protected":false},"featured_media":139325,"template":"","meta":{"_acf_changed":false},"product_brand":[],"product_cat":[1309,266],"product_tag":[],"class_list":{"0":"post-140880","1":"product","2":"type-product","3":"status-publish","4":"has-post-thumbnail","6":"product_cat-miekat","7":"product_cat-muut-viritys-ja-varaosat","9":"first","10":"instock","11":"purchasable","12":"product-type-simple"},"acf":[],"_links":{"self":[{"href":"https:\/\/kingarms.ee\/fi\/wp-json\/wp\/v2\/product\/140880","targetHints":{"allow":["GET"]}}],"collection":[{"href":"https:\/\/kingarms.ee\/fi\/wp-json\/wp\/v2\/product"}],"about":[{"href":"https:\/\/kingarms.ee\/fi\/wp-json\/wp\/v2\/types\/product"}],"wp:featuredmedia":[{"embeddable":true,"href":"https:\/\/kingarms.ee\/fi\/wp-json\/wp\/v2\/media\/139325"}],"wp:attachment":[{"href":"https:\/\/kingarms.ee\/fi\/wp-json\/wp\/v2\/media?parent=140880"}],"wp:term":[{"taxonomy":"product_brand","embeddable":true,"href":"https:\/\/kingarms.ee\/fi\/wp-json\/wp\/v2\/product_brand?post=140880"},{"taxonomy":"product_cat","embeddable":true,"href":"https:\/\/kingarms.ee\/fi\/wp-json\/wp\/v2\/product_cat?post=140880"},{"taxonomy":"product_tag","embeddable":true,"href":"https:\/\/kingarms.ee\/fi\/wp-json\/wp\/v2\/product_tag?post=140880"}],"curies":[{"name":"wp","href":"https:\/\/api.w.org\/{rel}","templated":true}]}}