{"id":140882,"date":"2024-12-06T16:38:30","date_gmt":"2024-12-07T17:44:09","guid":{"rendered":"https:\/\/kingarms.ee\/product\/koriste-keskiajan-miekka-zs3271\/"},"modified":"2025-02-08T17:15:53","modified_gmt":"2025-02-08T14:15:53","slug":"koriste-keski-ikaiset-sword-zs3271","status":"publish","type":"product","link":"https:\/\/kingarms.ee\/fi\/product\/koriste-keski-ikaiset-sword-zs3271\/","title":{"rendered":"Koriste -keskiajan miekka (ZS3271)"},"content":{"rendered":"<p>Koriste -keskiajan miekka (ZS3271)<\/p>\n<p>Koristeellinen keskiajan miekka<br \/>\nTer\u00e4ster\u00e4<br \/>\nMetalli<br \/>\nMuovi- ja metallikuva<br \/>\nKeinonahka ja metalli scabard<br \/>\nTer\u00e4n pituus 580 mm<br \/>\nKokonaispituus 745 mm (845 mm scabardilla)<br \/>\nPaino 530 g (760 g scabbardin kanssa)<\/p>\n<p>Koristiminen miekka, ei ter\u00e4v\u00e4 eik\u00e4 teroitettu ter\u00e4\u00e4<br \/>\nTarkista maasi asetus ennen ostamista<\/p>\n","protected":false},"excerpt":{"rendered":"<p>Koriste -keskiajan miekka (ZS3271)<\/p>\n<p>Koristeellinen keskiajan miekka<br \/>\nTer\u00e4ster\u00e4<br \/>\nMetalli<br \/>\nMuovi- ja metallikuva<br \/>\nKeinonahka ja metalli scabard<br \/>\nTer\u00e4n pituus 580 mm<br \/>\nKokonaispituus 745 mm (845 mm scabardilla)<br \/>\nPaino 530 g (760 g scabbardin kanssa)<\/p>\n<p>Koristiminen miekka, ei ter\u00e4v\u00e4 eik\u00e4 teroitettu ter\u00e4\u00e4<br \/>\nTarkista maasi asetus ennen ostamista<\/p>\n","protected":false},"featured_media":139781,"template":"","meta":{"_acf_changed":false},"product_brand":[],"product_cat":[1309,266],"product_tag":[],"class_list":{"0":"post-140882","1":"product","2":"type-product","3":"status-publish","4":"has-post-thumbnail","6":"product_cat-miekat","7":"product_cat-muut-viritys-ja-varaosat","9":"first","10":"instock","11":"purchasable","12":"product-type-simple"},"acf":[],"_links":{"self":[{"href":"https:\/\/kingarms.ee\/fi\/wp-json\/wp\/v2\/product\/140882","targetHints":{"allow":["GET"]}}],"collection":[{"href":"https:\/\/kingarms.ee\/fi\/wp-json\/wp\/v2\/product"}],"about":[{"href":"https:\/\/kingarms.ee\/fi\/wp-json\/wp\/v2\/types\/product"}],"wp:featuredmedia":[{"embeddable":true,"href":"https:\/\/kingarms.ee\/fi\/wp-json\/wp\/v2\/media\/139781"}],"wp:attachment":[{"href":"https:\/\/kingarms.ee\/fi\/wp-json\/wp\/v2\/media?parent=140882"}],"wp:term":[{"taxonomy":"product_brand","embeddable":true,"href":"https:\/\/kingarms.ee\/fi\/wp-json\/wp\/v2\/product_brand?post=140882"},{"taxonomy":"product_cat","embeddable":true,"href":"https:\/\/kingarms.ee\/fi\/wp-json\/wp\/v2\/product_cat?post=140882"},{"taxonomy":"product_tag","embeddable":true,"href":"https:\/\/kingarms.ee\/fi\/wp-json\/wp\/v2\/product_tag?post=140882"}],"curies":[{"name":"wp","href":"https:\/\/api.w.org\/{rel}","templated":true}]}}