{"id":140898,"date":"2024-12-06T16:38:08","date_gmt":"2024-12-07T18:57:49","guid":{"rendered":"https:\/\/kingarms.ee\/product\/koristeellut-miekka-zs9407s\/"},"modified":"2025-02-08T17:15:53","modified_gmt":"2025-02-08T14:15:53","slug":"koriste-sword-zs9407s","status":"publish","type":"product","link":"https:\/\/kingarms.ee\/fi\/product\/koriste-sword-zs9407s\/","title":{"rendered":"Koristeellut miekka (ZS9407S)"},"content":{"rendered":"<p>Koristeellut miekka (ZS9407S)<\/p>\n<p>Spada -fantasiakoriste<br \/>\nLeonidan miekan innoittamana 300 elokuvasta<br \/>\nKaiken kaikkiaan lenght 76cm<br \/>\nLenght Blade 58cm<br \/>\nNahkakotelossa<br \/>\nTer\u00e4ster\u00e4<\/p>\n<p>Ei teroitettu ja tyls\u00e4 ter\u00e4\u00e4, vain koristeellisiin tarkoituksiin<br \/>\nTarkista maasi asetus ennen ostamista<\/p>\n","protected":false},"excerpt":{"rendered":"<p>Koristeellut miekka (ZS9407S)<\/p>\n<p>Spada -fantasiakoriste<br \/>\nLeonidan miekan innoittamana 300 elokuvasta<br \/>\nKaiken kaikkiaan lenght 76cm<br \/>\nLenght Blade 58cm<br \/>\nNahkakotelossa<br \/>\nTer\u00e4ster\u00e4<\/p>\n<p>Ei teroitettu ja tyls\u00e4 ter\u00e4\u00e4, vain koristeellisiin tarkoituksiin<br \/>\nTarkista maasi asetus ennen ostamista<\/p>\n","protected":false},"featured_media":140033,"template":"","meta":{"_acf_changed":false},"product_brand":[],"product_cat":[1309,266],"product_tag":[],"class_list":{"0":"post-140898","1":"product","2":"type-product","3":"status-publish","4":"has-post-thumbnail","6":"product_cat-miekat","7":"product_cat-muut-viritys-ja-varaosat","9":"first","10":"instock","11":"purchasable","12":"product-type-simple"},"acf":[],"_links":{"self":[{"href":"https:\/\/kingarms.ee\/fi\/wp-json\/wp\/v2\/product\/140898","targetHints":{"allow":["GET"]}}],"collection":[{"href":"https:\/\/kingarms.ee\/fi\/wp-json\/wp\/v2\/product"}],"about":[{"href":"https:\/\/kingarms.ee\/fi\/wp-json\/wp\/v2\/types\/product"}],"wp:featuredmedia":[{"embeddable":true,"href":"https:\/\/kingarms.ee\/fi\/wp-json\/wp\/v2\/media\/140033"}],"wp:attachment":[{"href":"https:\/\/kingarms.ee\/fi\/wp-json\/wp\/v2\/media?parent=140898"}],"wp:term":[{"taxonomy":"product_brand","embeddable":true,"href":"https:\/\/kingarms.ee\/fi\/wp-json\/wp\/v2\/product_brand?post=140898"},{"taxonomy":"product_cat","embeddable":true,"href":"https:\/\/kingarms.ee\/fi\/wp-json\/wp\/v2\/product_cat?post=140898"},{"taxonomy":"product_tag","embeddable":true,"href":"https:\/\/kingarms.ee\/fi\/wp-json\/wp\/v2\/product_tag?post=140898"}],"curies":[{"name":"wp","href":"https:\/\/api.w.org\/{rel}","templated":true}]}}