{"id":140976,"date":"2024-12-06T16:38:47","date_gmt":"2024-12-09T08:21:42","guid":{"rendered":"https:\/\/kingarms.ee\/product\/koristeellinen-fantasiamiekka-zs667\/"},"modified":"2025-02-08T17:15:56","modified_gmt":"2025-02-08T14:15:56","slug":"ornamental-fantasy-sword-zs667","status":"publish","type":"product","link":"https:\/\/kingarms.ee\/fi\/product\/ornamental-fantasy-sword-zs667\/","title":{"rendered":"Koristeellinen fantasiamiekka (ZS667)"},"content":{"rendered":"<p>Koristeellinen fantasiamiekka (ZS667)<\/p>\n<p>Koristeellinen fantasiamiekka<br \/>\nLizin miekan innoittamana<br \/>\nAnime -sarja The Seven Deadly Sins (Nanatsu no Taizai)<br \/>\nHiiliter\u00e4ster\u00e4<br \/>\nMetalliharja ja pommel<br \/>\nPuinen ote<br \/>\nPuinen metalliosilla scabbard<br \/>\nKokonaispituus 620 mm (750 mm scabardilla)<br \/>\nTer\u00e4n pituus 410 mm<br \/>\nPaino 960 g (1400 g scabardilla)<\/p>\n<p>Tyls\u00e4 eik\u00e4 teroitettu ter\u00e4, vain koristeellisiin tarkoituksiin<br \/>\nTarkista maasi asetus ennen ostamista<\/p>\n","protected":false},"excerpt":{"rendered":"<p>Koristeellinen fantasiamiekka (ZS667)<\/p>\n<p>Koristeellinen fantasiamiekka<br \/>\nLizin miekan innoittamana<br \/>\nAnime -sarja The Seven Deadly Sins (Nanatsu no Taizai)<br \/>\nHiiliter\u00e4ster\u00e4<br \/>\nMetalliharja ja pommel<br \/>\nPuinen ote<br \/>\nPuinen metalliosilla scabbard<br \/>\nKokonaispituus 620 mm (750 mm scabardilla)<br \/>\nTer\u00e4n pituus 410 mm<br \/>\nPaino 960 g (1400 g scabardilla)<\/p>\n<p>Tyls\u00e4 eik\u00e4 teroitettu ter\u00e4, vain koristeellisiin tarkoituksiin<br \/>\nTarkista maasi asetus ennen ostamista<\/p>\n","protected":false},"featured_media":139577,"template":"","meta":{"_acf_changed":false},"product_brand":[],"product_cat":[1309,266],"product_tag":[],"class_list":{"0":"post-140976","1":"product","2":"type-product","3":"status-publish","4":"has-post-thumbnail","6":"product_cat-miekat","7":"product_cat-muut-viritys-ja-varaosat","9":"first","10":"instock","11":"purchasable","12":"product-type-simple"},"acf":[],"_links":{"self":[{"href":"https:\/\/kingarms.ee\/fi\/wp-json\/wp\/v2\/product\/140976","targetHints":{"allow":["GET"]}}],"collection":[{"href":"https:\/\/kingarms.ee\/fi\/wp-json\/wp\/v2\/product"}],"about":[{"href":"https:\/\/kingarms.ee\/fi\/wp-json\/wp\/v2\/types\/product"}],"wp:featuredmedia":[{"embeddable":true,"href":"https:\/\/kingarms.ee\/fi\/wp-json\/wp\/v2\/media\/139577"}],"wp:attachment":[{"href":"https:\/\/kingarms.ee\/fi\/wp-json\/wp\/v2\/media?parent=140976"}],"wp:term":[{"taxonomy":"product_brand","embeddable":true,"href":"https:\/\/kingarms.ee\/fi\/wp-json\/wp\/v2\/product_brand?post=140976"},{"taxonomy":"product_cat","embeddable":true,"href":"https:\/\/kingarms.ee\/fi\/wp-json\/wp\/v2\/product_cat?post=140976"},{"taxonomy":"product_tag","embeddable":true,"href":"https:\/\/kingarms.ee\/fi\/wp-json\/wp\/v2\/product_tag?post=140976"}],"curies":[{"name":"wp","href":"https:\/\/api.w.org\/{rel}","templated":true}]}}