{"id":141026,"date":"2024-12-06T16:37:47","date_gmt":"2024-12-09T08:39:02","guid":{"rendered":"https:\/\/kingarms.ee\/product\/koristeellinen-miekka-zs163\/"},"modified":"2025-02-08T17:16:03","modified_gmt":"2025-02-08T14:16:03","slug":"ornamental-sword-zs163","status":"publish","type":"product","link":"https:\/\/kingarms.ee\/fi\/product\/ornamental-sword-zs163\/","title":{"rendered":"Koristeellinen miekka (ZS163)"},"content":{"rendered":"<p>Koristeellinen miekka (ZS163)<\/p>\n<p>Koristeellut miekka<br \/>\nNeron punaisen kuningattaren miekan innoittamana<br \/>\nDevil May Cry -sarja<br \/>\nTer\u00e4ster\u00e4<br \/>\nMuovisuoja<br \/>\nMetallinuppi<br \/>\nMukana puinen p\u00f6yt\u00e4teline<br \/>\nTer\u00e4n pituus 955 mm<br \/>\nYleinen pituus 1260 mm<br \/>\nPaino 1995g<\/p>\n<p>Tyls\u00e4 eik\u00e4 teroitettu ter\u00e4, vain koristeellisiin tarkoituksiin<br \/>\nTarkista maasi asetus ennen ostamista<\/p>\n","protected":false},"excerpt":{"rendered":"<p>Koristeellinen miekka (ZS163)<\/p>\n<p>Koristeellut miekka<br \/>\nNeron punaisen kuningattaren miekan innoittamana<br \/>\nDevil May Cry -sarja<br \/>\nTer\u00e4ster\u00e4<br \/>\nMuovisuoja<br \/>\nMetallinuppi<br \/>\nMukana puinen p\u00f6yt\u00e4teline<br \/>\nTer\u00e4n pituus 955 mm<br \/>\nYleinen pituus 1260 mm<br \/>\nPaino 1995g<\/p>\n<p>Tyls\u00e4 eik\u00e4 teroitettu ter\u00e4, vain koristeellisiin tarkoituksiin<br \/>\nTarkista maasi asetus ennen ostamista<\/p>\n","protected":false},"featured_media":139277,"template":"","meta":{"_acf_changed":false},"product_brand":[],"product_cat":[1309,266],"product_tag":[],"class_list":{"0":"post-141026","1":"product","2":"type-product","3":"status-publish","4":"has-post-thumbnail","6":"product_cat-miekat","7":"product_cat-muut-viritys-ja-varaosat","9":"first","10":"instock","11":"purchasable","12":"product-type-simple"},"acf":[],"_links":{"self":[{"href":"https:\/\/kingarms.ee\/fi\/wp-json\/wp\/v2\/product\/141026","targetHints":{"allow":["GET"]}}],"collection":[{"href":"https:\/\/kingarms.ee\/fi\/wp-json\/wp\/v2\/product"}],"about":[{"href":"https:\/\/kingarms.ee\/fi\/wp-json\/wp\/v2\/types\/product"}],"wp:featuredmedia":[{"embeddable":true,"href":"https:\/\/kingarms.ee\/fi\/wp-json\/wp\/v2\/media\/139277"}],"wp:attachment":[{"href":"https:\/\/kingarms.ee\/fi\/wp-json\/wp\/v2\/media?parent=141026"}],"wp:term":[{"taxonomy":"product_brand","embeddable":true,"href":"https:\/\/kingarms.ee\/fi\/wp-json\/wp\/v2\/product_brand?post=141026"},{"taxonomy":"product_cat","embeddable":true,"href":"https:\/\/kingarms.ee\/fi\/wp-json\/wp\/v2\/product_cat?post=141026"},{"taxonomy":"product_tag","embeddable":true,"href":"https:\/\/kingarms.ee\/fi\/wp-json\/wp\/v2\/product_tag?post=141026"}],"curies":[{"name":"wp","href":"https:\/\/api.w.org\/{rel}","templated":true}]}}