{"id":141072,"date":"2024-12-06T16:37:47","date_gmt":"2024-12-09T08:41:00","guid":{"rendered":"https:\/\/kingarms.ee\/product\/sommelier-saber-by-111\/"},"modified":"2025-02-08T17:16:06","modified_gmt":"2025-02-08T14:16:06","slug":"sommelier-saber-by-111","status":"publish","type":"product","link":"https:\/\/kingarms.ee\/fi\/product\/sommelier-saber-by-111\/","title":{"rendered":"Sommelier Saber (BY-111)"},"content":{"rendered":"<p>Sommelier Saber (BY-111)<\/p>\n<p>Sommelier Saber<br \/>\nTyls\u00e4 eik\u00e4 teroitettu<br \/>\nTer\u00e4ster\u00e4<br \/>\nMetallivartija<br \/>\nABS -hartsikahva<br \/>\nKokonaispituus 60 mm<br \/>\nTer\u00e4n pituus 490 mm<br \/>\nPaino 545 g<\/p>\n<p>Tyls\u00e4 eik\u00e4 teroitettu ter\u00e4, vain koristeellisiin tarkoituksiin<br \/>\nTarkista maasi asetus ennen ostamista<\/p>\n","protected":false},"excerpt":{"rendered":"<p>Sommelier Saber (BY-111)<\/p>\n<p>Sommelier Saber<br \/>\nTyls\u00e4 eik\u00e4 teroitettu<br \/>\nTer\u00e4ster\u00e4<br \/>\nMetallivartija<br \/>\nABS -hartsikahva<br \/>\nKokonaispituus 60 mm<br \/>\nTer\u00e4n pituus 490 mm<br \/>\nPaino 545 g<\/p>\n<p>Tyls\u00e4 eik\u00e4 teroitettu ter\u00e4, vain koristeellisiin tarkoituksiin<br \/>\nTarkista maasi asetus ennen ostamista<\/p>\n","protected":false},"featured_media":138917,"template":"","meta":{"_acf_changed":false},"product_brand":[],"product_cat":[1309,266],"product_tag":[],"class_list":{"0":"post-141072","1":"product","2":"type-product","3":"status-publish","4":"has-post-thumbnail","6":"product_cat-miekat","7":"product_cat-muut-viritys-ja-varaosat","9":"first","10":"instock","11":"purchasable","12":"product-type-simple"},"acf":[],"_links":{"self":[{"href":"https:\/\/kingarms.ee\/fi\/wp-json\/wp\/v2\/product\/141072","targetHints":{"allow":["GET"]}}],"collection":[{"href":"https:\/\/kingarms.ee\/fi\/wp-json\/wp\/v2\/product"}],"about":[{"href":"https:\/\/kingarms.ee\/fi\/wp-json\/wp\/v2\/types\/product"}],"wp:featuredmedia":[{"embeddable":true,"href":"https:\/\/kingarms.ee\/fi\/wp-json\/wp\/v2\/media\/138917"}],"wp:attachment":[{"href":"https:\/\/kingarms.ee\/fi\/wp-json\/wp\/v2\/media?parent=141072"}],"wp:term":[{"taxonomy":"product_brand","embeddable":true,"href":"https:\/\/kingarms.ee\/fi\/wp-json\/wp\/v2\/product_brand?post=141072"},{"taxonomy":"product_cat","embeddable":true,"href":"https:\/\/kingarms.ee\/fi\/wp-json\/wp\/v2\/product_cat?post=141072"},{"taxonomy":"product_tag","embeddable":true,"href":"https:\/\/kingarms.ee\/fi\/wp-json\/wp\/v2\/product_tag?post=141072"}],"curies":[{"name":"wp","href":"https:\/\/api.w.org\/{rel}","templated":true}]}}