{"id":141110,"date":"2024-12-06T16:38:30","date_gmt":"2024-12-09T09:07:47","guid":{"rendered":"https:\/\/kingarms.ee\/product\/keskiajan-koristeellinen-tikari-zs7173\/"},"modified":"2025-02-08T17:16:09","modified_gmt":"2025-02-08T14:16:09","slug":"keski-ikaiset-ornamental-zs7173","status":"publish","type":"product","link":"https:\/\/kingarms.ee\/fi\/product\/keski-ikaiset-ornamental-zs7173\/","title":{"rendered":"Keskiajan koristeellinen tikari (ZS7173)"},"content":{"rendered":"<p>Keskiajan koristeellinen tikari (ZS7173)<\/p>\n<p>Keskiajan koristeellinen tikari<br \/>\nTer\u00e4ster\u00e4<br \/>\nMuovi- ja metallikahti ja scabard<br \/>\nTer\u00e4n pituus 200 mm<br \/>\nOvearllin pituus 310 mm (345 mm scabardilla)<br \/>\nPaino 110 g (160 g scabardilla)<\/p>\n<p>Ei teroitettu ja tyls\u00e4 ter\u00e4\u00e4, vain koristeellisiin tarkoituksiin<br \/>\nOle hyv\u00e4 ja maasi asetus ennen ostamista<\/p>\n","protected":false},"excerpt":{"rendered":"<p>Keskiajan koristeellinen tikari (ZS7173)<\/p>\n<p>Keskiajan koristeellinen tikari<br \/>\nTer\u00e4ster\u00e4<br \/>\nMuovi- ja metallikahti ja scabard<br \/>\nTer\u00e4n pituus 200 mm<br \/>\nOvearllin pituus 310 mm (345 mm scabardilla)<br \/>\nPaino 110 g (160 g scabardilla)<\/p>\n<p>Ei teroitettu ja tyls\u00e4 ter\u00e4\u00e4, vain koristeellisiin tarkoituksiin<br \/>\nOle hyv\u00e4 ja maasi asetus ennen ostamista<\/p>\n","protected":false},"featured_media":139901,"template":"","meta":{"_acf_changed":false},"product_brand":[],"product_cat":[1309,266],"product_tag":[],"class_list":{"0":"post-141110","1":"product","2":"type-product","3":"status-publish","4":"has-post-thumbnail","6":"product_cat-miekat","7":"product_cat-muut-viritys-ja-varaosat","9":"first","10":"instock","11":"purchasable","12":"product-type-simple"},"acf":[],"_links":{"self":[{"href":"https:\/\/kingarms.ee\/fi\/wp-json\/wp\/v2\/product\/141110","targetHints":{"allow":["GET"]}}],"collection":[{"href":"https:\/\/kingarms.ee\/fi\/wp-json\/wp\/v2\/product"}],"about":[{"href":"https:\/\/kingarms.ee\/fi\/wp-json\/wp\/v2\/types\/product"}],"wp:featuredmedia":[{"embeddable":true,"href":"https:\/\/kingarms.ee\/fi\/wp-json\/wp\/v2\/media\/139901"}],"wp:attachment":[{"href":"https:\/\/kingarms.ee\/fi\/wp-json\/wp\/v2\/media?parent=141110"}],"wp:term":[{"taxonomy":"product_brand","embeddable":true,"href":"https:\/\/kingarms.ee\/fi\/wp-json\/wp\/v2\/product_brand?post=141110"},{"taxonomy":"product_cat","embeddable":true,"href":"https:\/\/kingarms.ee\/fi\/wp-json\/wp\/v2\/product_cat?post=141110"},{"taxonomy":"product_tag","embeddable":true,"href":"https:\/\/kingarms.ee\/fi\/wp-json\/wp\/v2\/product_tag?post=141110"}],"curies":[{"name":"wp","href":"https:\/\/api.w.org\/{rel}","templated":true}]}}