{"id":141144,"date":"2024-12-06T16:38:30","date_gmt":"2024-12-09T10:33:58","guid":{"rendered":"https:\/\/kingarms.ee\/product\/koristeelliset-fantasiaparit-zs678-2\/"},"modified":"2025-02-08T17:16:12","modified_gmt":"2025-02-08T14:16:12","slug":"koriste-fantasia-par-swords-zs678-2","status":"publish","type":"product","link":"https:\/\/kingarms.ee\/fi\/product\/koriste-fantasia-par-swords-zs678-2\/","title":{"rendered":"Koristeelliset fantasiaparit (ZS678-2)"},"content":{"rendered":"<p>Koristeelliset fantasiaparit (ZS678-2)<\/p>\n<p>Koristeelliset fantasiaparit miekat<br \/>\nTengen Uzuin miekkojen innoittamana<br \/>\nAnime -sarjan demoni Slayer: kimetsu no yaiba<br \/>\nTer\u00e4ster\u00e4<br \/>\nMetallisuoja, nuppi ja ketju<br \/>\nPuurahva<br \/>\nLetherette -scabbard<br \/>\nTer\u00e4n pituus 490 mm<br \/>\nYleinen pituus 790 mm<br \/>\nKokonaispaino 2560 g (2855 g scabbardin kanssa)<\/p>\n<p>Tyls\u00e4 eik\u00e4 teroitettu ter\u00e4, vain koristeellisiin tarkoituksiin<br \/>\nTarkista maasi asetus ennen ostamista<\/p>\n","protected":false},"excerpt":{"rendered":"<p>Koristeelliset fantasiaparit (ZS678-2)<\/p>\n<p>Koristeelliset fantasiaparit miekat<br \/>\nTengen Uzuin miekkojen innoittamana<br \/>\nAnime -sarjan demoni Slayer: kimetsu no yaiba<br \/>\nTer\u00e4ster\u00e4<br \/>\nMetallisuoja, nuppi ja ketju<br \/>\nPuurahva<br \/>\nLetherette -scabbard<br \/>\nTer\u00e4n pituus 490 mm<br \/>\nYleinen pituus 790 mm<br \/>\nKokonaispaino 2560 g (2855 g scabbardin kanssa)<\/p>\n<p>Tyls\u00e4 eik\u00e4 teroitettu ter\u00e4, vain koristeellisiin tarkoituksiin<br \/>\nTarkista maasi asetus ennen ostamista<\/p>\n","protected":false},"featured_media":88557,"template":"","meta":{"_acf_changed":false},"product_brand":[],"product_cat":[1309,266],"product_tag":[],"class_list":{"0":"post-141144","1":"product","2":"type-product","3":"status-publish","4":"has-post-thumbnail","6":"product_cat-miekat","7":"product_cat-muut-viritys-ja-varaosat","9":"first","10":"instock","11":"purchasable","12":"product-type-simple"},"acf":[],"_links":{"self":[{"href":"https:\/\/kingarms.ee\/fi\/wp-json\/wp\/v2\/product\/141144","targetHints":{"allow":["GET"]}}],"collection":[{"href":"https:\/\/kingarms.ee\/fi\/wp-json\/wp\/v2\/product"}],"about":[{"href":"https:\/\/kingarms.ee\/fi\/wp-json\/wp\/v2\/types\/product"}],"wp:featuredmedia":[{"embeddable":true,"href":"https:\/\/kingarms.ee\/fi\/wp-json\/wp\/v2\/media\/88557"}],"wp:attachment":[{"href":"https:\/\/kingarms.ee\/fi\/wp-json\/wp\/v2\/media?parent=141144"}],"wp:term":[{"taxonomy":"product_brand","embeddable":true,"href":"https:\/\/kingarms.ee\/fi\/wp-json\/wp\/v2\/product_brand?post=141144"},{"taxonomy":"product_cat","embeddable":true,"href":"https:\/\/kingarms.ee\/fi\/wp-json\/wp\/v2\/product_cat?post=141144"},{"taxonomy":"product_tag","embeddable":true,"href":"https:\/\/kingarms.ee\/fi\/wp-json\/wp\/v2\/product_tag?post=141144"}],"curies":[{"name":"wp","href":"https:\/\/api.w.org\/{rel}","templated":true}]}}