{"id":141169,"date":"2024-12-06T16:37:47","date_gmt":"2024-12-09T10:42:10","guid":{"rendered":"https:\/\/kingarms.ee\/product\/koristeellinen-tikari-k073s\/"},"modified":"2025-02-08T17:16:13","modified_gmt":"2025-02-08T14:16:13","slug":"ornamental-dagger-k073s","status":"publish","type":"product","link":"https:\/\/kingarms.ee\/fi\/product\/ornamental-dagger-k073s\/","title":{"rendered":"Koristeellinen tikari (K073S)"},"content":{"rendered":"<p>Koristeellinen tikari (K073S)<\/p>\n<p>Koristeellinen tikari<br \/>\nTer\u00e4ster\u00e4<br \/>\nMetallikahva ja vaippa<br \/>\nKokonaispituus 345 mm (370 mm vaipan kanssa)<br \/>\nTer\u00e4n pituus 210 mm<br \/>\nWeigth 425 g (625 g vaipan kanssa)<\/p>\n<p>Ei teroitettu ja tyls\u00e4 ter\u00e4\u00e4, vain koristeellisiin tarkoituksiin<br \/>\nTarkista maasi asetus ennen ostamista<\/p>\n","protected":false},"excerpt":{"rendered":"<p>Koristeellinen tikari (K073S)<\/p>\n<p>Koristeellinen tikari<br \/>\nTer\u00e4ster\u00e4<br \/>\nMetallikahva ja vaippa<br \/>\nKokonaispituus 345 mm (370 mm vaipan kanssa)<br \/>\nTer\u00e4n pituus 210 mm<br \/>\nWeigth 425 g (625 g vaipan kanssa)<\/p>\n<p>Ei teroitettu ja tyls\u00e4 ter\u00e4\u00e4, vain koristeellisiin tarkoituksiin<br \/>\nTarkista maasi asetus ennen ostamista<\/p>\n","protected":false},"featured_media":138983,"template":"","meta":{"_acf_changed":false},"product_brand":[],"product_cat":[1309,266],"product_tag":[],"class_list":{"0":"post-141169","1":"product","2":"type-product","3":"status-publish","4":"has-post-thumbnail","6":"product_cat-miekat","7":"product_cat-muut-viritys-ja-varaosat","9":"first","10":"instock","11":"purchasable","12":"product-type-simple"},"acf":[],"_links":{"self":[{"href":"https:\/\/kingarms.ee\/fi\/wp-json\/wp\/v2\/product\/141169","targetHints":{"allow":["GET"]}}],"collection":[{"href":"https:\/\/kingarms.ee\/fi\/wp-json\/wp\/v2\/product"}],"about":[{"href":"https:\/\/kingarms.ee\/fi\/wp-json\/wp\/v2\/types\/product"}],"wp:featuredmedia":[{"embeddable":true,"href":"https:\/\/kingarms.ee\/fi\/wp-json\/wp\/v2\/media\/138983"}],"wp:attachment":[{"href":"https:\/\/kingarms.ee\/fi\/wp-json\/wp\/v2\/media?parent=141169"}],"wp:term":[{"taxonomy":"product_brand","embeddable":true,"href":"https:\/\/kingarms.ee\/fi\/wp-json\/wp\/v2\/product_brand?post=141169"},{"taxonomy":"product_cat","embeddable":true,"href":"https:\/\/kingarms.ee\/fi\/wp-json\/wp\/v2\/product_cat?post=141169"},{"taxonomy":"product_tag","embeddable":true,"href":"https:\/\/kingarms.ee\/fi\/wp-json\/wp\/v2\/product_tag?post=141169"}],"curies":[{"name":"wp","href":"https:\/\/api.w.org\/{rel}","templated":true}]}}