{"id":141170,"date":"2024-12-06T16:37:47","date_gmt":"2024-12-09T10:42:10","guid":{"rendered":"https:\/\/kingarms.ee\/product\/koristeinen-miekka-by-092a\/"},"modified":"2025-02-08T17:16:16","modified_gmt":"2025-02-08T14:16:16","slug":"koriste-sword-by-092a","status":"publish","type":"product","link":"https:\/\/kingarms.ee\/fi\/product\/koriste-sword-by-092a\/","title":{"rendered":"Koristeinen miekka (by-092a)"},"content":{"rendered":"<p>Koristeinen miekka (by-092a)<\/p>\n<p>Koristeellut miekka<br \/>\nUSA: n meren seremoniallinen miekka inspiroinut<br \/>\nKaiken kaikkiaan lenght 970 mm<\/p>\n<p>Ei teroitettu ja tyls\u00e4 ter\u00e4\u00e4, vain koristeellisiin tarkoituksiin<br \/>\nOle hyv\u00e4 ja maasi asetus ennen ostamista<\/p>\n","protected":false},"excerpt":{"rendered":"<p>Koristeinen miekka (by-092a)<\/p>\n<p>Koristeellut miekka<br \/>\nUSA: n meren seremoniallinen miekka inspiroinut<br \/>\nKaiken kaikkiaan lenght 970 mm<\/p>\n<p>Ei teroitettu ja tyls\u00e4 ter\u00e4\u00e4, vain koristeellisiin tarkoituksiin<br \/>\nOle hyv\u00e4 ja maasi asetus ennen ostamista<\/p>\n","protected":false},"featured_media":138899,"template":"","meta":{"_acf_changed":false},"product_brand":[],"product_cat":[1309,266],"product_tag":[],"class_list":{"0":"post-141170","1":"product","2":"type-product","3":"status-publish","4":"has-post-thumbnail","6":"product_cat-miekat","7":"product_cat-muut-viritys-ja-varaosat","9":"first","10":"instock","11":"purchasable","12":"product-type-simple"},"acf":[],"_links":{"self":[{"href":"https:\/\/kingarms.ee\/fi\/wp-json\/wp\/v2\/product\/141170","targetHints":{"allow":["GET"]}}],"collection":[{"href":"https:\/\/kingarms.ee\/fi\/wp-json\/wp\/v2\/product"}],"about":[{"href":"https:\/\/kingarms.ee\/fi\/wp-json\/wp\/v2\/types\/product"}],"wp:featuredmedia":[{"embeddable":true,"href":"https:\/\/kingarms.ee\/fi\/wp-json\/wp\/v2\/media\/138899"}],"wp:attachment":[{"href":"https:\/\/kingarms.ee\/fi\/wp-json\/wp\/v2\/media?parent=141170"}],"wp:term":[{"taxonomy":"product_brand","embeddable":true,"href":"https:\/\/kingarms.ee\/fi\/wp-json\/wp\/v2\/product_brand?post=141170"},{"taxonomy":"product_cat","embeddable":true,"href":"https:\/\/kingarms.ee\/fi\/wp-json\/wp\/v2\/product_cat?post=141170"},{"taxonomy":"product_tag","embeddable":true,"href":"https:\/\/kingarms.ee\/fi\/wp-json\/wp\/v2\/product_tag?post=141170"}],"curies":[{"name":"wp","href":"https:\/\/api.w.org\/{rel}","templated":true}]}}