{"id":141207,"date":"2024-12-06T16:37:47","date_gmt":"2024-12-09T11:10:19","guid":{"rendered":"https:\/\/kingarms.ee\/product\/koristeellinen-miekka-zs161\/"},"modified":"2025-02-08T17:16:22","modified_gmt":"2025-02-08T14:16:22","slug":"ornamental-sword-zs161","status":"publish","type":"product","link":"https:\/\/kingarms.ee\/fi\/product\/ornamental-sword-zs161\/","title":{"rendered":"Koristeellinen miekka (ZS161)"},"content":{"rendered":"<p>Koristeellinen miekka (ZS161)<\/p>\n<p>Koristeellut miekka<br \/>\nAngmarin noita-kuninkaan miekan innoittamana<br \/>\nLord of the Rings -sarja<br \/>\nTer\u00e4ster\u00e4<br \/>\nMetalliharja ja nuppi<br \/>\nMukana puinen sein\u00e4teline<br \/>\nYleinen pituus 1380 mm<br \/>\nTer\u00e4n pituus 1000 mm<br \/>\nPaino 1922 g<\/p>\n<p>Tyls\u00e4 eik\u00e4 teroitettu ter\u00e4, vain koristeellisiin tarkoituksiin<br \/>\nTarkista maasi asetus ennen ostamista<\/p>\n","protected":false},"excerpt":{"rendered":"<p>Koristeellinen miekka (ZS161)<\/p>\n<p>Koristeellut miekka<br \/>\nAngmarin noita-kuninkaan miekan innoittamana<br \/>\nLord of the Rings -sarja<br \/>\nTer\u00e4ster\u00e4<br \/>\nMetalliharja ja nuppi<br \/>\nMukana puinen sein\u00e4teline<br \/>\nYleinen pituus 1380 mm<br \/>\nTer\u00e4n pituus 1000 mm<br \/>\nPaino 1922 g<\/p>\n<p>Tyls\u00e4 eik\u00e4 teroitettu ter\u00e4, vain koristeellisiin tarkoituksiin<br \/>\nTarkista maasi asetus ennen ostamista<\/p>\n","protected":false},"featured_media":139265,"template":"","meta":{"_acf_changed":false},"product_brand":[],"product_cat":[1309,266],"product_tag":[],"class_list":{"0":"post-141207","1":"product","2":"type-product","3":"status-publish","4":"has-post-thumbnail","6":"product_cat-miekat","7":"product_cat-muut-viritys-ja-varaosat","9":"first","10":"instock","11":"purchasable","12":"product-type-simple"},"acf":[],"_links":{"self":[{"href":"https:\/\/kingarms.ee\/fi\/wp-json\/wp\/v2\/product\/141207","targetHints":{"allow":["GET"]}}],"collection":[{"href":"https:\/\/kingarms.ee\/fi\/wp-json\/wp\/v2\/product"}],"about":[{"href":"https:\/\/kingarms.ee\/fi\/wp-json\/wp\/v2\/types\/product"}],"wp:featuredmedia":[{"embeddable":true,"href":"https:\/\/kingarms.ee\/fi\/wp-json\/wp\/v2\/media\/139265"}],"wp:attachment":[{"href":"https:\/\/kingarms.ee\/fi\/wp-json\/wp\/v2\/media?parent=141207"}],"wp:term":[{"taxonomy":"product_brand","embeddable":true,"href":"https:\/\/kingarms.ee\/fi\/wp-json\/wp\/v2\/product_brand?post=141207"},{"taxonomy":"product_cat","embeddable":true,"href":"https:\/\/kingarms.ee\/fi\/wp-json\/wp\/v2\/product_cat?post=141207"},{"taxonomy":"product_tag","embeddable":true,"href":"https:\/\/kingarms.ee\/fi\/wp-json\/wp\/v2\/product_tag?post=141207"}],"curies":[{"name":"wp","href":"https:\/\/api.w.org\/{rel}","templated":true}]}}