{"id":141232,"date":"2024-12-06T16:37:26","date_gmt":"2024-12-09T11:10:21","guid":{"rendered":"https:\/\/kingarms.ee\/product\/koristeellinen-fantasiamiekka-zs1516\/"},"modified":"2025-02-08T17:16:24","modified_gmt":"2025-02-08T14:16:24","slug":"koriste-fantasia-sword-zs1516","status":"publish","type":"product","link":"https:\/\/kingarms.ee\/fi\/product\/koriste-fantasia-sword-zs1516\/","title":{"rendered":"Koristeellinen fantasiamiekka (ZS1516)"},"content":{"rendered":"<p>Koristeellinen fantasiamiekka (ZS1516)<\/p>\n<p>Koristeellinen fantasiamiekka<br \/>\nWolf&#8217;s Gravestonin inspiroima, miekka DIDUC<br \/>\nVideopelisarja Genshin Impact<br \/>\nLasikuitu- ja hartsirakenne<br \/>\nYleinen pituus 1150 mm<br \/>\nPaino 1670 g<\/p>\n<p>Tyls\u00e4 eik\u00e4 teroitettu ter\u00e4, vain koristeellisiin tarkoituksiin<br \/>\nTarkista maasi asetus ennen ostamista<\/p>\n","protected":false},"excerpt":{"rendered":"<p>Koristeellinen fantasiamiekka (ZS1516)<\/p>\n<p>Koristeellinen fantasiamiekka<br \/>\nWolf&#8217;s Gravestonin inspiroima, miekka DIDUC<br \/>\nVideopelisarja Genshin Impact<br \/>\nLasikuitu- ja hartsirakenne<br \/>\nYleinen pituus 1150 mm<br \/>\nPaino 1670 g<\/p>\n<p>Tyls\u00e4 eik\u00e4 teroitettu ter\u00e4, vain koristeellisiin tarkoituksiin<br \/>\nTarkista maasi asetus ennen ostamista<\/p>\n","protected":false},"featured_media":139757,"template":"","meta":{"_acf_changed":false},"product_brand":[],"product_cat":[1309,266],"product_tag":[],"class_list":{"0":"post-141232","1":"product","2":"type-product","3":"status-publish","4":"has-post-thumbnail","6":"product_cat-miekat","7":"product_cat-muut-viritys-ja-varaosat","9":"first","10":"instock","11":"purchasable","12":"product-type-simple"},"acf":[],"_links":{"self":[{"href":"https:\/\/kingarms.ee\/fi\/wp-json\/wp\/v2\/product\/141232","targetHints":{"allow":["GET"]}}],"collection":[{"href":"https:\/\/kingarms.ee\/fi\/wp-json\/wp\/v2\/product"}],"about":[{"href":"https:\/\/kingarms.ee\/fi\/wp-json\/wp\/v2\/types\/product"}],"wp:featuredmedia":[{"embeddable":true,"href":"https:\/\/kingarms.ee\/fi\/wp-json\/wp\/v2\/media\/139757"}],"wp:attachment":[{"href":"https:\/\/kingarms.ee\/fi\/wp-json\/wp\/v2\/media?parent=141232"}],"wp:term":[{"taxonomy":"product_brand","embeddable":true,"href":"https:\/\/kingarms.ee\/fi\/wp-json\/wp\/v2\/product_brand?post=141232"},{"taxonomy":"product_cat","embeddable":true,"href":"https:\/\/kingarms.ee\/fi\/wp-json\/wp\/v2\/product_cat?post=141232"},{"taxonomy":"product_tag","embeddable":true,"href":"https:\/\/kingarms.ee\/fi\/wp-json\/wp\/v2\/product_tag?post=141232"}],"curies":[{"name":"wp","href":"https:\/\/api.w.org\/{rel}","templated":true}]}}