{"id":141243,"date":"2024-12-06T16:37:07","date_gmt":"2024-12-09T11:14:29","guid":{"rendered":"https:\/\/kingarms.ee\/product\/koristeellinen-miekka-zs9433\/"},"modified":"2025-02-08T17:16:25","modified_gmt":"2025-02-08T14:16:25","slug":"ornamental-sword-zs9433","status":"publish","type":"product","link":"https:\/\/kingarms.ee\/fi\/product\/ornamental-sword-zs9433\/","title":{"rendered":"Koristeellinen miekka (ZS9433)"},"content":{"rendered":"<p>Koristeellinen miekka (ZS9433)<\/p>\n<p>Koristeellut miekka<br \/>\nIchigo Kurosakin Zanpakuton innoittamana Zangetsu<br \/>\nValkaisusarja<br \/>\nTer\u00e4ster\u00e4<br \/>\nKeinonahka<br \/>\nPuurahva<br \/>\nYleinen pituus 1050 mm<br \/>\nTer\u00e4n pituus 745 mm<br \/>\nPaino 1378 g (1590 g scabardilla)<\/p>\n<p>Ei teroitettu eik\u00e4 ter\u00e4v\u00e4 miekka, vain koristeellisiin tarkoituksiin<br \/>\nTarkista maasi asetus ennen ostamista<\/p>\n","protected":false},"excerpt":{"rendered":"<p>Koristeellinen miekka (ZS9433)<\/p>\n<p>Koristeellut miekka<br \/>\nIchigo Kurosakin Zanpakuton innoittamana Zangetsu<br \/>\nValkaisusarja<br \/>\nTer\u00e4ster\u00e4<br \/>\nKeinonahka<br \/>\nPuurahva<br \/>\nYleinen pituus 1050 mm<br \/>\nTer\u00e4n pituus 745 mm<br \/>\nPaino 1378 g (1590 g scabardilla)<\/p>\n<p>Ei teroitettu eik\u00e4 ter\u00e4v\u00e4 miekka, vain koristeellisiin tarkoituksiin<br \/>\nTarkista maasi asetus ennen ostamista<\/p>\n","protected":false},"featured_media":140039,"template":"","meta":{"_acf_changed":false},"product_brand":[],"product_cat":[1309,266],"product_tag":[],"class_list":{"0":"post-141243","1":"product","2":"type-product","3":"status-publish","4":"has-post-thumbnail","6":"product_cat-miekat","7":"product_cat-muut-viritys-ja-varaosat","9":"first","10":"instock","11":"purchasable","12":"product-type-simple"},"acf":[],"_links":{"self":[{"href":"https:\/\/kingarms.ee\/fi\/wp-json\/wp\/v2\/product\/141243","targetHints":{"allow":["GET"]}}],"collection":[{"href":"https:\/\/kingarms.ee\/fi\/wp-json\/wp\/v2\/product"}],"about":[{"href":"https:\/\/kingarms.ee\/fi\/wp-json\/wp\/v2\/types\/product"}],"wp:featuredmedia":[{"embeddable":true,"href":"https:\/\/kingarms.ee\/fi\/wp-json\/wp\/v2\/media\/140039"}],"wp:attachment":[{"href":"https:\/\/kingarms.ee\/fi\/wp-json\/wp\/v2\/media?parent=141243"}],"wp:term":[{"taxonomy":"product_brand","embeddable":true,"href":"https:\/\/kingarms.ee\/fi\/wp-json\/wp\/v2\/product_brand?post=141243"},{"taxonomy":"product_cat","embeddable":true,"href":"https:\/\/kingarms.ee\/fi\/wp-json\/wp\/v2\/product_cat?post=141243"},{"taxonomy":"product_tag","embeddable":true,"href":"https:\/\/kingarms.ee\/fi\/wp-json\/wp\/v2\/product_tag?post=141243"}],"curies":[{"name":"wp","href":"https:\/\/api.w.org\/{rel}","templated":true}]}}