{"id":141279,"date":"2024-12-06T16:37:07","date_gmt":"2024-12-09T11:21:56","guid":{"rendered":"https:\/\/kingarms.ee\/product\/koristeellinen-fantasiamiekka-damask-effect-zs641\/"},"modified":"2025-02-08T17:16:29","modified_gmt":"2025-02-08T14:16:29","slug":"ornamental-fantasy-sword-damask-effect-zs641","status":"publish","type":"product","link":"https:\/\/kingarms.ee\/fi\/product\/ornamental-fantasy-sword-damask-effect-zs641\/","title":{"rendered":"Koristeellinen fantasiamiekka Damask Effect (ZS641)"},"content":{"rendered":"<p>Koristeellinen fantasiamiekka Damask Effect (ZS641)<\/p>\n<p>Koristeellinen fantasiamiekka<br \/>\nJon Snow -miekan innoittamana<br \/>\nGame of Thrones -sarja<br \/>\nTer\u00e4, jolla on damaskikuva<br \/>\nMetalli ja muovinen<br \/>\nPuutuki, joka voidaan sein\u00e4lle asennettu<br \/>\nYleinen pituus 1070 mm<br \/>\nTer\u00e4n pituus 820 mm<br \/>\nPaino 1560 g<\/p>\n<p>Ei teroitettu ja tyls\u00e4 ter\u00e4\u00e4, vain koristeellisiin tarkoituksiin<br \/>\nTarkista maasi asetus ennen ostamista<\/p>\n","protected":false},"excerpt":{"rendered":"<p>Koristeellinen fantasiamiekka Damask Effect (ZS641)<\/p>\n<p>Koristeellinen fantasiamiekka<br \/>\nJon Snow -miekan innoittamana<br \/>\nGame of Thrones -sarja<br \/>\nTer\u00e4, jolla on damaskikuva<br \/>\nMetalli ja muovinen<br \/>\nPuutuki, joka voidaan sein\u00e4lle asennettu<br \/>\nYleinen pituus 1070 mm<br \/>\nTer\u00e4n pituus 820 mm<br \/>\nPaino 1560 g<\/p>\n<p>Ei teroitettu ja tyls\u00e4 ter\u00e4\u00e4, vain koristeellisiin tarkoituksiin<br \/>\nTarkista maasi asetus ennen ostamista<\/p>\n","protected":false},"featured_media":139529,"template":"","meta":{"_acf_changed":false},"product_brand":[],"product_cat":[1309,266],"product_tag":[],"class_list":{"0":"post-141279","1":"product","2":"type-product","3":"status-publish","4":"has-post-thumbnail","6":"product_cat-miekat","7":"product_cat-muut-viritys-ja-varaosat","9":"first","10":"instock","11":"purchasable","12":"product-type-simple"},"acf":[],"_links":{"self":[{"href":"https:\/\/kingarms.ee\/fi\/wp-json\/wp\/v2\/product\/141279","targetHints":{"allow":["GET"]}}],"collection":[{"href":"https:\/\/kingarms.ee\/fi\/wp-json\/wp\/v2\/product"}],"about":[{"href":"https:\/\/kingarms.ee\/fi\/wp-json\/wp\/v2\/types\/product"}],"wp:featuredmedia":[{"embeddable":true,"href":"https:\/\/kingarms.ee\/fi\/wp-json\/wp\/v2\/media\/139529"}],"wp:attachment":[{"href":"https:\/\/kingarms.ee\/fi\/wp-json\/wp\/v2\/media?parent=141279"}],"wp:term":[{"taxonomy":"product_brand","embeddable":true,"href":"https:\/\/kingarms.ee\/fi\/wp-json\/wp\/v2\/product_brand?post=141279"},{"taxonomy":"product_cat","embeddable":true,"href":"https:\/\/kingarms.ee\/fi\/wp-json\/wp\/v2\/product_cat?post=141279"},{"taxonomy":"product_tag","embeddable":true,"href":"https:\/\/kingarms.ee\/fi\/wp-json\/wp\/v2\/product_tag?post=141279"}],"curies":[{"name":"wp","href":"https:\/\/api.w.org\/{rel}","templated":true}]}}