{"id":141289,"date":"2024-12-06T16:37:26","date_gmt":"2024-12-09T11:29:08","guid":{"rendered":"https:\/\/kingarms.ee\/product\/koristeellinen-fantasiamiekka-zs668-2\/"},"modified":"2025-02-08T17:16:31","modified_gmt":"2025-02-08T14:16:31","slug":"ornamental-fantasy-sword-zs668-2","status":"publish","type":"product","link":"https:\/\/kingarms.ee\/fi\/product\/ornamental-fantasy-sword-zs668-2\/","title":{"rendered":"Koristeellinen fantasiamiekka (ZS668-2)"},"content":{"rendered":"<p>Koristeellinen fantasiamiekka (ZS668-2)<\/p>\n<p>Koristeellinen fantasiamiekka<br \/>\nRivian III -sukupolven miekan Geraltin innoittamana<br \/>\nWitcher 3 -sarja<br \/>\nRuostumattomasta ter\u00e4ksest\u00e4 valmistettu ter\u00e4<br \/>\nMetalliharja ja pommel<br \/>\nPuinen ote<br \/>\nKeinonahka<br \/>\nKokonaispituus 1180 mm (1240 mm scabardilla)<br \/>\nTer\u00e4n pituus 900 mm<br \/>\nPaino 1390 g (1590 g scabardilla)<\/p>\n<p>Tyls\u00e4 eik\u00e4 teroitettu ter\u00e4, vain koristeellisiin tarkoituksiin<br \/>\nEi rajoitusmyynti\u00e4 Italiassa ja San Marinossa v\u00e4hint\u00e4\u00e4n 18 -vuotiaana, tarkista maasi asetus ennen ostamista<\/p>\n","protected":false},"excerpt":{"rendered":"<p>Koristeellinen fantasiamiekka (ZS668-2)<\/p>\n<p>Koristeellinen fantasiamiekka<br \/>\nRivian III -sukupolven miekan Geraltin innoittamana<br \/>\nWitcher 3 -sarja<br \/>\nRuostumattomasta ter\u00e4ksest\u00e4 valmistettu ter\u00e4<br \/>\nMetalliharja ja pommel<br \/>\nPuinen ote<br \/>\nKeinonahka<br \/>\nKokonaispituus 1180 mm (1240 mm scabardilla)<br \/>\nTer\u00e4n pituus 900 mm<br \/>\nPaino 1390 g (1590 g scabardilla)<\/p>\n<p>Tyls\u00e4 eik\u00e4 teroitettu ter\u00e4, vain koristeellisiin tarkoituksiin<br \/>\nEi rajoitusmyynti\u00e4 Italiassa ja San Marinossa v\u00e4hint\u00e4\u00e4n 18 -vuotiaana, tarkista maasi asetus ennen ostamista<\/p>\n","protected":false},"featured_media":139583,"template":"","meta":{"_acf_changed":false},"product_brand":[],"product_cat":[1309,266],"product_tag":[],"class_list":{"0":"post-141289","1":"product","2":"type-product","3":"status-publish","4":"has-post-thumbnail","6":"product_cat-miekat","7":"product_cat-muut-viritys-ja-varaosat","9":"first","10":"instock","11":"purchasable","12":"product-type-simple"},"acf":[],"_links":{"self":[{"href":"https:\/\/kingarms.ee\/fi\/wp-json\/wp\/v2\/product\/141289","targetHints":{"allow":["GET"]}}],"collection":[{"href":"https:\/\/kingarms.ee\/fi\/wp-json\/wp\/v2\/product"}],"about":[{"href":"https:\/\/kingarms.ee\/fi\/wp-json\/wp\/v2\/types\/product"}],"wp:featuredmedia":[{"embeddable":true,"href":"https:\/\/kingarms.ee\/fi\/wp-json\/wp\/v2\/media\/139583"}],"wp:attachment":[{"href":"https:\/\/kingarms.ee\/fi\/wp-json\/wp\/v2\/media?parent=141289"}],"wp:term":[{"taxonomy":"product_brand","embeddable":true,"href":"https:\/\/kingarms.ee\/fi\/wp-json\/wp\/v2\/product_brand?post=141289"},{"taxonomy":"product_cat","embeddable":true,"href":"https:\/\/kingarms.ee\/fi\/wp-json\/wp\/v2\/product_cat?post=141289"},{"taxonomy":"product_tag","embeddable":true,"href":"https:\/\/kingarms.ee\/fi\/wp-json\/wp\/v2\/product_tag?post=141289"}],"curies":[{"name":"wp","href":"https:\/\/api.w.org\/{rel}","templated":true}]}}