{"id":141321,"date":"2024-12-06T16:37:26","date_gmt":"2024-12-09T11:43:13","guid":{"rendered":"https:\/\/kingarms.ee\/product\/koristeellinen-fantasiamiekka-by-150b\/"},"modified":"2025-02-08T17:16:38","modified_gmt":"2025-02-08T14:16:38","slug":"ornamental-fantasy-sword-by-150b","status":"publish","type":"product","link":"https:\/\/kingarms.ee\/fi\/product\/ornamental-fantasy-sword-by-150b\/","title":{"rendered":"Koristeellinen fantasiamiekka (BY-150b)"},"content":{"rendered":"<p>Koristeellinen fantasiamiekka (BY-150b)<\/p>\n<p>Koristeellinen fantasiamiekka<br \/>\nRagnarr lo\u00f0br\u00f3kin miekan innoittamana<br \/>\nTV -sarjan viikinkit<br \/>\nTer\u00e4ster\u00e4<br \/>\nMetallisuoja ja kahva<br \/>\nMukana puinen sein\u00e4teline<br \/>\nKokonaispituus 1010 mm<br \/>\nTer\u00e4n pituus 820 mm<br \/>\nMiekan paino 1130 g<\/p>\n<p>Tyls\u00e4 eik\u00e4 teroitettu ter\u00e4, vain koristeellisiin tarkoituksiin<br \/>\nTarkista maasi asetus ennen ostamista<\/p>\n","protected":false},"excerpt":{"rendered":"<p>Koristeellinen fantasiamiekka (BY-150b)<\/p>\n<p>Koristeellinen fantasiamiekka<br \/>\nRagnarr lo\u00f0br\u00f3kin miekan innoittamana<br \/>\nTV -sarjan viikinkit<br \/>\nTer\u00e4ster\u00e4<br \/>\nMetallisuoja ja kahva<br \/>\nMukana puinen sein\u00e4teline<br \/>\nKokonaispituus 1010 mm<br \/>\nTer\u00e4n pituus 820 mm<br \/>\nMiekan paino 1130 g<\/p>\n<p>Tyls\u00e4 eik\u00e4 teroitettu ter\u00e4, vain koristeellisiin tarkoituksiin<br \/>\nTarkista maasi asetus ennen ostamista<\/p>\n","protected":false},"featured_media":138953,"template":"","meta":{"_acf_changed":false},"product_brand":[],"product_cat":[1309,266],"product_tag":[],"class_list":{"0":"post-141321","1":"product","2":"type-product","3":"status-publish","4":"has-post-thumbnail","6":"product_cat-miekat","7":"product_cat-muut-viritys-ja-varaosat","9":"first","10":"instock","11":"purchasable","12":"product-type-simple"},"acf":[],"_links":{"self":[{"href":"https:\/\/kingarms.ee\/fi\/wp-json\/wp\/v2\/product\/141321","targetHints":{"allow":["GET"]}}],"collection":[{"href":"https:\/\/kingarms.ee\/fi\/wp-json\/wp\/v2\/product"}],"about":[{"href":"https:\/\/kingarms.ee\/fi\/wp-json\/wp\/v2\/types\/product"}],"wp:featuredmedia":[{"embeddable":true,"href":"https:\/\/kingarms.ee\/fi\/wp-json\/wp\/v2\/media\/138953"}],"wp:attachment":[{"href":"https:\/\/kingarms.ee\/fi\/wp-json\/wp\/v2\/media?parent=141321"}],"wp:term":[{"taxonomy":"product_brand","embeddable":true,"href":"https:\/\/kingarms.ee\/fi\/wp-json\/wp\/v2\/product_brand?post=141321"},{"taxonomy":"product_cat","embeddable":true,"href":"https:\/\/kingarms.ee\/fi\/wp-json\/wp\/v2\/product_cat?post=141321"},{"taxonomy":"product_tag","embeddable":true,"href":"https:\/\/kingarms.ee\/fi\/wp-json\/wp\/v2\/product_tag?post=141321"}],"curies":[{"name":"wp","href":"https:\/\/api.w.org\/{rel}","templated":true}]}}