{"id":141322,"date":"2024-12-06T16:37:26","date_gmt":"2024-12-09T11:43:13","guid":{"rendered":"https:\/\/kingarms.ee\/product\/koristeellinen-fantasiamiekka-zs9023\/"},"modified":"2025-02-08T17:16:39","modified_gmt":"2025-02-08T14:16:39","slug":"ornamental-fantasy-sword-zs9023","status":"publish","type":"product","link":"https:\/\/kingarms.ee\/fi\/product\/ornamental-fantasy-sword-zs9023\/","title":{"rendered":"Koristeellinen fantasiamiekka (ZS9023)"},"content":{"rendered":"<p>Koristeellinen fantasiamiekka (ZS9023)<\/p>\n<p>Koristeellinen fantasiamiekka<br \/>\nDanten kapinan miekan innoittamana<br \/>\nPelisarja Devil May Cry<br \/>\nTer\u00e4ster\u00e4<br \/>\nMetallivartija<br \/>\nMetallikahva<br \/>\nMukana puinen sein\u00e4teline<br \/>\nYleinen pituus 1365 mm<br \/>\nTer\u00e4n pituus 860 mm<br \/>\nPaino 1980G<\/p>\n<p>Tyls\u00e4 eik\u00e4 teroitettu ter\u00e4, vain koristeellisiin tarkoituksiin<br \/>\nTarkista maasi asetus ennen ostamista<\/p>\n","protected":false},"excerpt":{"rendered":"<p>Koristeellinen fantasiamiekka (ZS9023)<\/p>\n<p>Koristeellinen fantasiamiekka<br \/>\nDanten kapinan miekan innoittamana<br \/>\nPelisarja Devil May Cry<br \/>\nTer\u00e4ster\u00e4<br \/>\nMetallivartija<br \/>\nMetallikahva<br \/>\nMukana puinen sein\u00e4teline<br \/>\nYleinen pituus 1365 mm<br \/>\nTer\u00e4n pituus 860 mm<br \/>\nPaino 1980G<\/p>\n<p>Tyls\u00e4 eik\u00e4 teroitettu ter\u00e4, vain koristeellisiin tarkoituksiin<br \/>\nTarkista maasi asetus ennen ostamista<\/p>\n","protected":false},"featured_media":140009,"template":"","meta":{"_acf_changed":false},"product_brand":[],"product_cat":[1309,266],"product_tag":[],"class_list":{"0":"post-141322","1":"product","2":"type-product","3":"status-publish","4":"has-post-thumbnail","6":"product_cat-miekat","7":"product_cat-muut-viritys-ja-varaosat","9":"first","10":"instock","11":"purchasable","12":"product-type-simple"},"acf":[],"_links":{"self":[{"href":"https:\/\/kingarms.ee\/fi\/wp-json\/wp\/v2\/product\/141322","targetHints":{"allow":["GET"]}}],"collection":[{"href":"https:\/\/kingarms.ee\/fi\/wp-json\/wp\/v2\/product"}],"about":[{"href":"https:\/\/kingarms.ee\/fi\/wp-json\/wp\/v2\/types\/product"}],"wp:featuredmedia":[{"embeddable":true,"href":"https:\/\/kingarms.ee\/fi\/wp-json\/wp\/v2\/media\/140009"}],"wp:attachment":[{"href":"https:\/\/kingarms.ee\/fi\/wp-json\/wp\/v2\/media?parent=141322"}],"wp:term":[{"taxonomy":"product_brand","embeddable":true,"href":"https:\/\/kingarms.ee\/fi\/wp-json\/wp\/v2\/product_brand?post=141322"},{"taxonomy":"product_cat","embeddable":true,"href":"https:\/\/kingarms.ee\/fi\/wp-json\/wp\/v2\/product_cat?post=141322"},{"taxonomy":"product_tag","embeddable":true,"href":"https:\/\/kingarms.ee\/fi\/wp-json\/wp\/v2\/product_tag?post=141322"}],"curies":[{"name":"wp","href":"https:\/\/api.w.org\/{rel}","templated":true}]}}