{"id":141323,"date":"2024-12-06T16:37:26","date_gmt":"2024-12-09T11:43:13","guid":{"rendered":"https:\/\/kingarms.ee\/product\/koriste-kunai-zs322\/"},"modified":"2025-02-08T17:16:39","modified_gmt":"2025-02-08T14:16:39","slug":"ornamental-kunai-zs322","status":"publish","type":"product","link":"https:\/\/kingarms.ee\/fi\/product\/ornamental-kunai-zs322\/","title":{"rendered":"Koriste -kunai (ZS322)"},"content":{"rendered":"<p>Koriste -kunai (ZS322)<\/p>\n<p>Koristeellinen Kunai<br \/>\nInspiring Minato&#8217;s Kunai<br \/>\nAnime -sarja Naruto<br \/>\nHiiliter\u00e4ster\u00e4<br \/>\nYleinen pituus 220 mm<br \/>\nTer\u00e4n pituus 110 mm<\/p>\n<p>Tyls\u00e4 eik\u00e4 teroitettu ter\u00e4, vain koristeellisiin tarkoituksiin<br \/>\nTarkista maasi asetus ennen ostamista<\/p>\n","protected":false},"excerpt":{"rendered":"<p>Koriste -kunai (ZS322)<\/p>\n<p>Koristeellinen Kunai<br \/>\nInspiring Minato&#8217;s Kunai<br \/>\nAnime -sarja Naruto<br \/>\nHiiliter\u00e4ster\u00e4<br \/>\nYleinen pituus 220 mm<br \/>\nTer\u00e4n pituus 110 mm<\/p>\n<p>Tyls\u00e4 eik\u00e4 teroitettu ter\u00e4, vain koristeellisiin tarkoituksiin<br \/>\nTarkista maasi asetus ennen ostamista<\/p>\n","protected":false},"featured_media":139379,"template":"","meta":{"_acf_changed":false},"product_brand":[],"product_cat":[1309,266],"product_tag":[],"class_list":{"0":"post-141323","1":"product","2":"type-product","3":"status-publish","4":"has-post-thumbnail","6":"product_cat-miekat","7":"product_cat-muut-viritys-ja-varaosat","9":"first","10":"instock","11":"purchasable","12":"product-type-simple"},"acf":[],"_links":{"self":[{"href":"https:\/\/kingarms.ee\/fi\/wp-json\/wp\/v2\/product\/141323","targetHints":{"allow":["GET"]}}],"collection":[{"href":"https:\/\/kingarms.ee\/fi\/wp-json\/wp\/v2\/product"}],"about":[{"href":"https:\/\/kingarms.ee\/fi\/wp-json\/wp\/v2\/types\/product"}],"wp:featuredmedia":[{"embeddable":true,"href":"https:\/\/kingarms.ee\/fi\/wp-json\/wp\/v2\/media\/139379"}],"wp:attachment":[{"href":"https:\/\/kingarms.ee\/fi\/wp-json\/wp\/v2\/media?parent=141323"}],"wp:term":[{"taxonomy":"product_brand","embeddable":true,"href":"https:\/\/kingarms.ee\/fi\/wp-json\/wp\/v2\/product_brand?post=141323"},{"taxonomy":"product_cat","embeddable":true,"href":"https:\/\/kingarms.ee\/fi\/wp-json\/wp\/v2\/product_cat?post=141323"},{"taxonomy":"product_tag","embeddable":true,"href":"https:\/\/kingarms.ee\/fi\/wp-json\/wp\/v2\/product_tag?post=141323"}],"curies":[{"name":"wp","href":"https:\/\/api.w.org\/{rel}","templated":true}]}}