{"id":141396,"date":"2024-12-06T16:37:26","date_gmt":"2024-12-09T12:09:19","guid":{"rendered":"https:\/\/kingarms.ee\/product\/koristeellinen-fantasia-tikari-by-022c\/"},"modified":"2025-02-08T17:16:44","modified_gmt":"2025-02-08T14:16:44","slug":"koriste-fantasia-tikari-by-022c","status":"publish","type":"product","link":"https:\/\/kingarms.ee\/fi\/product\/koriste-fantasia-tikari-by-022c\/","title":{"rendered":"Koristeellinen fantasia tikari (BY-022C)"},"content":{"rendered":"<p>Koristeellinen fantasia tikari (BY-022C)<\/p>\n<p>Koristeellinen fantasia tikari<br \/>\nKuolemankierto<br \/>\nKaiken kaikkiaan lenght 390mm<br \/>\nTer\u00e4s WIRA -k\u00e4\u00e4rekahva<br \/>\nMukana puinen sein\u00e4teline<\/p>\n<p>Ei teroitettu ja tyls\u00e4 ter\u00e4\u00e4, vain koristeellisiin tarkoituksiin<br \/>\nOle hyv\u00e4 ja maasi asetus ennen ostamista<\/p>\n","protected":false},"excerpt":{"rendered":"<p>Koristeellinen fantasia tikari (BY-022C)<\/p>\n<p>Koristeellinen fantasia tikari<br \/>\nKuolemankierto<br \/>\nKaiken kaikkiaan lenght 390mm<br \/>\nTer\u00e4s WIRA -k\u00e4\u00e4rekahva<br \/>\nMukana puinen sein\u00e4teline<\/p>\n<p>Ei teroitettu ja tyls\u00e4 ter\u00e4\u00e4, vain koristeellisiin tarkoituksiin<br \/>\nOle hyv\u00e4 ja maasi asetus ennen ostamista<\/p>\n","protected":false},"featured_media":138857,"template":"","meta":{"_acf_changed":false},"product_brand":[],"product_cat":[1309,266],"product_tag":[],"class_list":{"0":"post-141396","1":"product","2":"type-product","3":"status-publish","4":"has-post-thumbnail","6":"product_cat-miekat","7":"product_cat-muut-viritys-ja-varaosat","9":"first","10":"instock","11":"purchasable","12":"product-type-simple"},"acf":[],"_links":{"self":[{"href":"https:\/\/kingarms.ee\/fi\/wp-json\/wp\/v2\/product\/141396","targetHints":{"allow":["GET"]}}],"collection":[{"href":"https:\/\/kingarms.ee\/fi\/wp-json\/wp\/v2\/product"}],"about":[{"href":"https:\/\/kingarms.ee\/fi\/wp-json\/wp\/v2\/types\/product"}],"wp:featuredmedia":[{"embeddable":true,"href":"https:\/\/kingarms.ee\/fi\/wp-json\/wp\/v2\/media\/138857"}],"wp:attachment":[{"href":"https:\/\/kingarms.ee\/fi\/wp-json\/wp\/v2\/media?parent=141396"}],"wp:term":[{"taxonomy":"product_brand","embeddable":true,"href":"https:\/\/kingarms.ee\/fi\/wp-json\/wp\/v2\/product_brand?post=141396"},{"taxonomy":"product_cat","embeddable":true,"href":"https:\/\/kingarms.ee\/fi\/wp-json\/wp\/v2\/product_cat?post=141396"},{"taxonomy":"product_tag","embeddable":true,"href":"https:\/\/kingarms.ee\/fi\/wp-json\/wp\/v2\/product_tag?post=141396"}],"curies":[{"name":"wp","href":"https:\/\/api.w.org\/{rel}","templated":true}]}}