{"id":141435,"date":"2024-12-06T16:36:47","date_gmt":"2024-12-09T12:42:09","guid":{"rendered":"https:\/\/kingarms.ee\/product\/koristeellinen-fantasiamiekka-zs618\/"},"modified":"2025-02-08T17:16:47","modified_gmt":"2025-02-08T14:16:47","slug":"ornamental-fantasy-sword-zs618","status":"publish","type":"product","link":"https:\/\/kingarms.ee\/fi\/product\/ornamental-fantasy-sword-zs618\/","title":{"rendered":"Koristeellinen fantasiamiekka (ZS618)"},"content":{"rendered":"<p>Koristeellinen fantasiamiekka (ZS618)<\/p>\n<p>Koristeellinen fantasiamiekka<br \/>\nGenjin Muramasa -miekan innoittamana<br \/>\nOverwatch -sarja<br \/>\nTer\u00e4ster\u00e4<br \/>\nPuinen vaippa ja tarttuminen<br \/>\nMetalliharja ja nuppi<br \/>\nKokonaispituus 1020 mm (1130 mm vaipan kanssa)<br \/>\nTer\u00e4n pituus 710 mm<br \/>\nPaino 1530 g (2110 g vaipan kanssa)<\/p>\n<p>Ei teroitettu ja tyls\u00e4 ter\u00e4\u00e4, vain koristeellisiin tarkoituksiin<br \/>\nTarkista maasi asetus ennen ostamista<\/p>\n","protected":false},"excerpt":{"rendered":"<p>Koristeellinen fantasiamiekka (ZS618)<\/p>\n<p>Koristeellinen fantasiamiekka<br \/>\nGenjin Muramasa -miekan innoittamana<br \/>\nOverwatch -sarja<br \/>\nTer\u00e4ster\u00e4<br \/>\nPuinen vaippa ja tarttuminen<br \/>\nMetalliharja ja nuppi<br \/>\nKokonaispituus 1020 mm (1130 mm vaipan kanssa)<br \/>\nTer\u00e4n pituus 710 mm<br \/>\nPaino 1530 g (2110 g vaipan kanssa)<\/p>\n<p>Ei teroitettu ja tyls\u00e4 ter\u00e4\u00e4, vain koristeellisiin tarkoituksiin<br \/>\nTarkista maasi asetus ennen ostamista<\/p>\n","protected":false},"featured_media":139475,"template":"","meta":{"_acf_changed":false},"product_brand":[],"product_cat":[1309,266],"product_tag":[],"class_list":{"0":"post-141435","1":"product","2":"type-product","3":"status-publish","4":"has-post-thumbnail","6":"product_cat-miekat","7":"product_cat-muut-viritys-ja-varaosat","9":"first","10":"instock","11":"purchasable","12":"product-type-simple"},"acf":[],"_links":{"self":[{"href":"https:\/\/kingarms.ee\/fi\/wp-json\/wp\/v2\/product\/141435","targetHints":{"allow":["GET"]}}],"collection":[{"href":"https:\/\/kingarms.ee\/fi\/wp-json\/wp\/v2\/product"}],"about":[{"href":"https:\/\/kingarms.ee\/fi\/wp-json\/wp\/v2\/types\/product"}],"wp:featuredmedia":[{"embeddable":true,"href":"https:\/\/kingarms.ee\/fi\/wp-json\/wp\/v2\/media\/139475"}],"wp:attachment":[{"href":"https:\/\/kingarms.ee\/fi\/wp-json\/wp\/v2\/media?parent=141435"}],"wp:term":[{"taxonomy":"product_brand","embeddable":true,"href":"https:\/\/kingarms.ee\/fi\/wp-json\/wp\/v2\/product_brand?post=141435"},{"taxonomy":"product_cat","embeddable":true,"href":"https:\/\/kingarms.ee\/fi\/wp-json\/wp\/v2\/product_cat?post=141435"},{"taxonomy":"product_tag","embeddable":true,"href":"https:\/\/kingarms.ee\/fi\/wp-json\/wp\/v2\/product_tag?post=141435"}],"curies":[{"name":"wp","href":"https:\/\/api.w.org\/{rel}","templated":true}]}}